{"id":6779,"date":"2024-03-07T11:28:43","date_gmt":"2024-03-07T10:28:43","guid":{"rendered":"https:\/\/conservedelconte.com\/prodotto\/giardiniera-a-lhuile\/"},"modified":"2026-03-09T15:21:17","modified_gmt":"2026-03-09T14:21:17","slug":"giardiniera-a-lhuile","status":"publish","type":"product","link":"https:\/\/conservedelconte.com\/fr\/prodotto\/giardiniera-a-lhuile\/","title":{"rendered":"Giardiniera \u00e0 l&#8217;huile"},"content":{"rendered":"<p>Notre Giardiniera Sott olio est une symphonie de couleurs et de saveurs, une mosa\u00efque de l\u00e9gumes croquants soigneusement s\u00e9lectionn\u00e9s. Cette sp\u00e9cialit\u00e9 est un hommage \u00e0 la biodiversit\u00e9 de notre terre, o\u00f9 chaque ingr\u00e9dient, des carottes au c\u00e9leri, du chou-fleur aux poivrons, est r\u00e9colt\u00e9 au bon moment de maturit\u00e9 pour garantir une fra\u00eecheur et une vitalit\u00e9 maximales. Parfaite pour accompagner les plats de viande ou de poisson, id\u00e9ale en entr\u00e9e ou pour enrichir un ap\u00e9ritif, notre giardiniera \u00e0 l&#8217;huile est un authentique voyage gustatif, capable de transformer chaque bouch\u00e9e en une exp\u00e9rience inoubliable de saveurs traditionnelles et authentiques.<\/p>\n","protected":false},"excerpt":{"rendered":"<p>Notre Giardiniera Sott olio est une symphonie de couleurs et de saveurs, une mosa\u00efque de l\u00e9gumes croquants soigneusement s\u00e9lectionn\u00e9s. Cette sp\u00e9cialit\u00e9 est un hommage \u00e0 la biodiversit\u00e9 de notre terre, o\u00f9 chaque ingr\u00e9dient, des carottes au c\u00e9leri, du chou-fleur aux poivrons, est r\u00e9colt\u00e9 au bon moment de maturit\u00e9 pour garantir une fra\u00eecheur et une vitalit\u00e9 [&hellip;]<\/p>\n","protected":false},"featured_media":6625,"template":"","meta":{"_acf_changed":false},"product_brand":[],"product_cat":[66],"product_tag":[],"class_list":{"0":"post-6779","1":"product","2":"type-product","3":"status-publish","4":"has-post-thumbnail","6":"product_cat-conserves","8":"first","9":"instock","10":"shipping-taxable","11":"purchasable","12":"product-type-simple"},"acf":[],"_links":{"self":[{"href":"https:\/\/conservedelconte.com\/fr\/wp-json\/wp\/v2\/product\/6779","targetHints":{"allow":["GET"]}}],"collection":[{"href":"https:\/\/conservedelconte.com\/fr\/wp-json\/wp\/v2\/product"}],"about":[{"href":"https:\/\/conservedelconte.com\/fr\/wp-json\/wp\/v2\/types\/product"}],"wp:featuredmedia":[{"embeddable":true,"href":"https:\/\/conservedelconte.com\/fr\/wp-json\/wp\/v2\/media\/6625"}],"wp:attachment":[{"href":"https:\/\/conservedelconte.com\/fr\/wp-json\/wp\/v2\/media?parent=6779"}],"wp:term":[{"taxonomy":"product_brand","embeddable":true,"href":"https:\/\/conservedelconte.com\/fr\/wp-json\/wp\/v2\/product_brand?post=6779"},{"taxonomy":"product_cat","embeddable":true,"href":"https:\/\/conservedelconte.com\/fr\/wp-json\/wp\/v2\/product_cat?post=6779"},{"taxonomy":"product_tag","embeddable":true,"href":"https:\/\/conservedelconte.com\/fr\/wp-json\/wp\/v2\/product_tag?post=6779"}],"curies":[{"name":"wp","href":"https:\/\/api.w.org\/{rel}","templated":true}]}}