{"id":6775,"date":"2024-03-19T13:38:39","date_gmt":"2024-03-19T12:38:39","guid":{"rendered":"https:\/\/conservedelconte.com\/prodotto\/gingembre-dans-lhuile\/"},"modified":"2024-03-19T13:38:39","modified_gmt":"2024-03-19T12:38:39","slug":"gingembre-dans-lhuile","status":"publish","type":"product","link":"https:\/\/conservedelconte.com\/fr\/prodotto\/gingembre-dans-lhuile\/","title":{"rendered":"Gingembre dans l&#8217;huile"},"content":{"rendered":"<p>Nos aubergines \u00e0 l&#8217;huile sont un v\u00e9ritable chef-d&#8217;\u0153uvre de saveur, o\u00f9 la douceur des aubergines se m\u00eale harmonieusement \u00e0 une infusion d&#8217;ar\u00f4mes m\u00e9diterran\u00e9ens. Cette confiture, pr\u00e9par\u00e9e selon d&#8217;anciennes recettes locales, c\u00e9l\u00e8bre la reine du potager d&#8217;\u00e9t\u00e9, offrant un go\u00fbt d\u00e9licat mais fort, parfait pour enrichir les hors-d&#8217;\u0153uvre, pour accompagner le fromage ou comme savoureux plat d&#8217;accompagnement. Chaque pot renferme la chaleur du soleil et la passion de la terre, transformant les aubergines \u00e0 l&#8217;huile en une exp\u00e9rience gustative unique et inoubliable.<\/p>\n","protected":false},"excerpt":{"rendered":"<p>Nos aubergines \u00e0 l&#8217;huile sont un v\u00e9ritable chef-d&#8217;\u0153uvre de saveur, o\u00f9 la douceur des aubergines se m\u00eale harmonieusement \u00e0 une infusion d&#8217;ar\u00f4mes m\u00e9diterran\u00e9ens. Cette confiture, pr\u00e9par\u00e9e selon d&#8217;anciennes recettes locales, c\u00e9l\u00e8bre la reine du potager d&#8217;\u00e9t\u00e9, offrant un go\u00fbt d\u00e9licat mais fort, parfait pour enrichir les hors-d&#8217;\u0153uvre, pour accompagner le fromage ou comme savoureux plat [&hellip;]<\/p>\n","protected":false},"featured_media":6665,"template":"","meta":{"_acf_changed":false},"product_brand":[],"product_cat":[66],"product_tag":[],"class_list":{"0":"post-6775","1":"product","2":"type-product","3":"status-publish","4":"has-post-thumbnail","6":"product_cat-conserves","8":"first","9":"instock","10":"shipping-taxable","11":"purchasable","12":"product-type-simple"},"acf":[],"_links":{"self":[{"href":"https:\/\/conservedelconte.com\/fr\/wp-json\/wp\/v2\/product\/6775","targetHints":{"allow":["GET"]}}],"collection":[{"href":"https:\/\/conservedelconte.com\/fr\/wp-json\/wp\/v2\/product"}],"about":[{"href":"https:\/\/conservedelconte.com\/fr\/wp-json\/wp\/v2\/types\/product"}],"wp:featuredmedia":[{"embeddable":true,"href":"https:\/\/conservedelconte.com\/fr\/wp-json\/wp\/v2\/media\/6665"}],"wp:attachment":[{"href":"https:\/\/conservedelconte.com\/fr\/wp-json\/wp\/v2\/media?parent=6775"}],"wp:term":[{"taxonomy":"product_brand","embeddable":true,"href":"https:\/\/conservedelconte.com\/fr\/wp-json\/wp\/v2\/product_brand?post=6775"},{"taxonomy":"product_cat","embeddable":true,"href":"https:\/\/conservedelconte.com\/fr\/wp-json\/wp\/v2\/product_cat?post=6775"},{"taxonomy":"product_tag","embeddable":true,"href":"https:\/\/conservedelconte.com\/fr\/wp-json\/wp\/v2\/product_tag?post=6775"}],"curies":[{"name":"wp","href":"https:\/\/api.w.org\/{rel}","templated":true}]}}