{"id":6770,"date":"2024-03-19T13:41:22","date_gmt":"2024-03-19T12:41:22","guid":{"rendered":"https:\/\/conservedelconte.com\/prodotto\/tomates-sechees\/"},"modified":"2024-03-19T13:41:22","modified_gmt":"2024-03-19T12:41:22","slug":"tomates-sechees","status":"publish","type":"product","link":"https:\/\/conservedelconte.com\/fr\/prodotto\/tomates-sechees\/","title":{"rendered":"Tomates s\u00e9ch\u00e9es"},"content":{"rendered":"<p>Nos tomates s\u00e9ch\u00e9es sont des bourgeons rouges, s\u00e9ch\u00e9s sous le soleil br\u00fblant, qui r\u00e9sument l&#8217;essence vibrante de l&#8217;\u00e9t\u00e9. S\u00e9lectionn\u00e9es avec soin parmi les meilleures r\u00e9coltes, ces tomates sont lentement d\u00e9shydrat\u00e9es afin de pr\u00e9server leur saveur douce et intens\u00e9ment concentr\u00e9e. Id\u00e9ales pour enrichir les salades, parfaire les hors-d&#8217;\u0153uvre ou servir de base aux sauces et vinaigrettes, nos tomates s\u00e9ch\u00e9es au soleil sont une invitation \u00e0 red\u00e9couvrir le go\u00fbt authentique et traditionnel d&#8217;un ingr\u00e9dient polyvalent qui fait de chaque plat une \u0153uvre d&#8217;art culinaire.<\/p>\n","protected":false},"excerpt":{"rendered":"<p>Nos tomates s\u00e9ch\u00e9es sont des bourgeons rouges, s\u00e9ch\u00e9s sous le soleil br\u00fblant, qui r\u00e9sument l&#8217;essence vibrante de l&#8217;\u00e9t\u00e9. S\u00e9lectionn\u00e9es avec soin parmi les meilleures r\u00e9coltes, ces tomates sont lentement d\u00e9shydrat\u00e9es afin de pr\u00e9server leur saveur douce et intens\u00e9ment concentr\u00e9e. Id\u00e9ales pour enrichir les salades, parfaire les hors-d&#8217;\u0153uvre ou servir de base aux sauces et vinaigrettes, [&hellip;]<\/p>\n","protected":false},"featured_media":7134,"template":"","meta":{"_acf_changed":false},"product_brand":[],"product_cat":[66],"product_tag":[],"class_list":{"0":"post-6770","1":"product","2":"type-product","3":"status-publish","4":"has-post-thumbnail","6":"product_cat-conserves","8":"first","9":"instock","10":"shipping-taxable","11":"purchasable","12":"product-type-simple"},"acf":[],"_links":{"self":[{"href":"https:\/\/conservedelconte.com\/fr\/wp-json\/wp\/v2\/product\/6770","targetHints":{"allow":["GET"]}}],"collection":[{"href":"https:\/\/conservedelconte.com\/fr\/wp-json\/wp\/v2\/product"}],"about":[{"href":"https:\/\/conservedelconte.com\/fr\/wp-json\/wp\/v2\/types\/product"}],"wp:featuredmedia":[{"embeddable":true,"href":"https:\/\/conservedelconte.com\/fr\/wp-json\/wp\/v2\/media\/7134"}],"wp:attachment":[{"href":"https:\/\/conservedelconte.com\/fr\/wp-json\/wp\/v2\/media?parent=6770"}],"wp:term":[{"taxonomy":"product_brand","embeddable":true,"href":"https:\/\/conservedelconte.com\/fr\/wp-json\/wp\/v2\/product_brand?post=6770"},{"taxonomy":"product_cat","embeddable":true,"href":"https:\/\/conservedelconte.com\/fr\/wp-json\/wp\/v2\/product_cat?post=6770"},{"taxonomy":"product_tag","embeddable":true,"href":"https:\/\/conservedelconte.com\/fr\/wp-json\/wp\/v2\/product_tag?post=6770"}],"curies":[{"name":"wp","href":"https:\/\/api.w.org\/{rel}","templated":true}]}}