{"id":6766,"date":"2024-03-19T13:42:16","date_gmt":"2024-03-19T12:42:16","guid":{"rendered":"https:\/\/conservedelconte.com\/prodotto\/olives-savoureuses\/"},"modified":"2024-09-06T15:38:40","modified_gmt":"2024-09-06T13:38:40","slug":"olives-savoureuses","status":"publish","type":"product","link":"https:\/\/conservedelconte.com\/fr\/prodotto\/olives-savoureuses\/","title":{"rendered":"Olives savoureuses"},"content":{"rendered":"<p>Nos olives Sfiziose \u00e0 l&#8217;huile sont une v\u00e9ritable tentation pour le palais. Elles sont soigneusement s\u00e9lectionn\u00e9es pour garantir une qualit\u00e9 sup\u00e9rieure et une texture irr\u00e9sistible. Tremp\u00e9es dans de l&#8217;huile d&#8217;olive extra vierge fine, ces olives sont un v\u00e9ritable r\u00e9gal, caract\u00e9ris\u00e9 par un \u00e9quilibre parfait des saveurs qui invite \u00e0 les savourer l&#8217;une apr\u00e8s l&#8217;autre. Id\u00e9ales pour enrichir toute table d&#8217;une touche d&#8217;\u00e9l\u00e9gance, elles se pr\u00eatent admirablement \u00e0 l&#8217;ap\u00e9ritif, au go\u00fbter ou pour donner une saveur unique aux salades et aux plats gastronomiques. Avec les olives Sfiziose, chaque moment devient une occasion sp\u00e9ciale de ravir les sens.<\/p>\n","protected":false},"excerpt":{"rendered":"<p>Nos olives Sfiziose \u00e0 l&#8217;huile sont une v\u00e9ritable tentation pour le palais. Elles sont soigneusement s\u00e9lectionn\u00e9es pour garantir une qualit\u00e9 sup\u00e9rieure et une texture irr\u00e9sistible. Tremp\u00e9es dans de l&#8217;huile d&#8217;olive extra vierge fine, ces olives sont un v\u00e9ritable r\u00e9gal, caract\u00e9ris\u00e9 par un \u00e9quilibre parfait des saveurs qui invite \u00e0 les savourer l&#8217;une apr\u00e8s l&#8217;autre. Id\u00e9ales [&hellip;]<\/p>\n","protected":false},"featured_media":7144,"template":"","meta":{"_acf_changed":false},"product_brand":[],"product_cat":[66],"product_tag":[],"class_list":{"0":"post-6766","1":"product","2":"type-product","3":"status-publish","4":"has-post-thumbnail","6":"product_cat-conserves","8":"first","9":"instock","10":"shipping-taxable","11":"purchasable","12":"product-type-simple"},"acf":[],"_links":{"self":[{"href":"https:\/\/conservedelconte.com\/fr\/wp-json\/wp\/v2\/product\/6766","targetHints":{"allow":["GET"]}}],"collection":[{"href":"https:\/\/conservedelconte.com\/fr\/wp-json\/wp\/v2\/product"}],"about":[{"href":"https:\/\/conservedelconte.com\/fr\/wp-json\/wp\/v2\/types\/product"}],"wp:featuredmedia":[{"embeddable":true,"href":"https:\/\/conservedelconte.com\/fr\/wp-json\/wp\/v2\/media\/7144"}],"wp:attachment":[{"href":"https:\/\/conservedelconte.com\/fr\/wp-json\/wp\/v2\/media?parent=6766"}],"wp:term":[{"taxonomy":"product_brand","embeddable":true,"href":"https:\/\/conservedelconte.com\/fr\/wp-json\/wp\/v2\/product_brand?post=6766"},{"taxonomy":"product_cat","embeddable":true,"href":"https:\/\/conservedelconte.com\/fr\/wp-json\/wp\/v2\/product_cat?post=6766"},{"taxonomy":"product_tag","embeddable":true,"href":"https:\/\/conservedelconte.com\/fr\/wp-json\/wp\/v2\/product_tag?post=6766"}],"curies":[{"name":"wp","href":"https:\/\/api.w.org\/{rel}","templated":true}]}}