{"id":6759,"date":"2024-03-19T13:40:08","date_gmt":"2024-03-19T12:40:08","guid":{"rendered":"https:\/\/conservedelconte.com\/prodotto\/olives-en-saumure\/"},"modified":"2024-03-19T13:40:08","modified_gmt":"2024-03-19T12:40:08","slug":"olives-en-saumure","status":"publish","type":"product","link":"https:\/\/conservedelconte.com\/fr\/prodotto\/olives-en-saumure\/","title":{"rendered":"Olives en saumure"},"content":{"rendered":"<p>Nos olives vertes en saumure sont un d\u00e9lice qui renferme tout le go\u00fbt et la fra\u00eecheur de la tradition culinaire m\u00e9diterran\u00e9enne. Soigneusement s\u00e9lectionn\u00e9es parmi les meilleures r\u00e9coltes, ces olives vertes sont r\u00e9colt\u00e9es \u00e0 la main au bon degr\u00e9 de maturit\u00e9, puis tremp\u00e9es dans une saumure \u00e9quilibr\u00e9e qui exalte leur saveur naturellement vive et l\u00e9g\u00e8rement am\u00e8re. La saumure, savamment pr\u00e9par\u00e9e avec de l&#8217;eau, du sel et un m\u00e9lange d&#8217;herbes s\u00e9lectionn\u00e9es, conf\u00e8re aux olives un croquant unique et un ar\u00f4me incomparable, ce qui en fait le compl\u00e9ment id\u00e9al d&#8217;une grande vari\u00e9t\u00e9 de plats.<\/p>\n","protected":false},"excerpt":{"rendered":"<p>Nos olives vertes en saumure sont un d\u00e9lice qui renferme tout le go\u00fbt et la fra\u00eecheur de la tradition culinaire m\u00e9diterran\u00e9enne. Soigneusement s\u00e9lectionn\u00e9es parmi les meilleures r\u00e9coltes, ces olives vertes sont r\u00e9colt\u00e9es \u00e0 la main au bon degr\u00e9 de maturit\u00e9, puis tremp\u00e9es dans une saumure \u00e9quilibr\u00e9e qui exalte leur saveur naturellement vive et l\u00e9g\u00e8rement am\u00e8re. [&hellip;]<\/p>\n","protected":false},"featured_media":6673,"template":"","meta":{"_acf_changed":false},"product_brand":[],"product_cat":[66],"product_tag":[],"class_list":{"0":"post-6759","1":"product","2":"type-product","3":"status-publish","4":"has-post-thumbnail","6":"product_cat-conserves","8":"first","9":"instock","10":"shipping-taxable","11":"purchasable","12":"product-type-simple"},"acf":[],"_links":{"self":[{"href":"https:\/\/conservedelconte.com\/fr\/wp-json\/wp\/v2\/product\/6759","targetHints":{"allow":["GET"]}}],"collection":[{"href":"https:\/\/conservedelconte.com\/fr\/wp-json\/wp\/v2\/product"}],"about":[{"href":"https:\/\/conservedelconte.com\/fr\/wp-json\/wp\/v2\/types\/product"}],"wp:featuredmedia":[{"embeddable":true,"href":"https:\/\/conservedelconte.com\/fr\/wp-json\/wp\/v2\/media\/6673"}],"wp:attachment":[{"href":"https:\/\/conservedelconte.com\/fr\/wp-json\/wp\/v2\/media?parent=6759"}],"wp:term":[{"taxonomy":"product_brand","embeddable":true,"href":"https:\/\/conservedelconte.com\/fr\/wp-json\/wp\/v2\/product_brand?post=6759"},{"taxonomy":"product_cat","embeddable":true,"href":"https:\/\/conservedelconte.com\/fr\/wp-json\/wp\/v2\/product_cat?post=6759"},{"taxonomy":"product_tag","embeddable":true,"href":"https:\/\/conservedelconte.com\/fr\/wp-json\/wp\/v2\/product_tag?post=6759"}],"curies":[{"name":"wp","href":"https:\/\/api.w.org\/{rel}","templated":true}]}}