{"id":6749,"date":"2024-04-08T14:30:41","date_gmt":"2024-04-08T12:30:41","guid":{"rendered":"https:\/\/conservedelconte.com\/prodotto\/saucisse-seche-artisanale\/"},"modified":"2024-04-08T14:30:41","modified_gmt":"2024-04-08T12:30:41","slug":"saucisse-seche-artisanale","status":"publish","type":"product","link":"https:\/\/conservedelconte.com\/fr\/prodotto\/saucisse-seche-artisanale\/","title":{"rendered":"Saucisse s\u00e8che artisanale"},"content":{"rendered":"<p>Le saucisson sec artisanal que nous proposons est un v\u00e9ritable d\u00e9lice culinaire, produit selon des m\u00e9thodes traditionnelles qui en rehaussent le go\u00fbt et l&#8217;authenticit\u00e9. Fabriqu\u00e9 \u00e0 partir de viande de porc de premier choix provenant d&#8217;exploitations s\u00e9lectionn\u00e9es o\u00f9 les animaux sont nourris et \u00e9lev\u00e9s dans le respect de leur nature et de leur bien-\u00eatre, ce saucisson repr\u00e9sente l&#8217;excellence de l&#8217;artisanat alimentaire. Chaque \u00e9tape du processus de production fait l&#8217;objet d&#8217;une attention obsessionnelle, depuis le hachage de la viande, qui conserve le bon grain pour garantir une texture parfaite, jusqu&#8217;\u00e0 l&#8217;ajout d&#8217;\u00e9pices naturelles et locales qui enrichissent le produit de saveurs intenses et authentiques. Parmi ceux-ci, le piment rouge, cultiv\u00e9 sous un soleil g\u00e9n\u00e9reux, apporte une touche piquante qui s&#8217;\u00e9quilibre harmonieusement avec les notes aromatiques du fenouil sauvage et de l&#8217;ail, cr\u00e9ant un ensemble de saveurs qui dansent en bouche \u00e0 chaque d\u00e9gustation. Le processus de maturation se d\u00e9roule dans des environnements naturels, o\u00f9 le climat et l&#8217;air pur contribuent \u00e0 rendre le saucisson sec incroyablement savoureux, avec une texture qui fond dans la bouche, en faisant ressortir chaque note de saveur. L&#8217;aspect rustique, avec sa forme caract\u00e9ristique l\u00e9g\u00e8rement incurv\u00e9e et sa surface ext\u00e9rieure recouverte d&#8217;une l\u00e9g\u00e8re patine blanche, t\u00e9moigne du respect des techniques de production anciennes et du temps n\u00e9cessaire pour que le produit atteigne la perfection.<\/p>\n","protected":false},"excerpt":{"rendered":"<p>Le saucisson sec artisanal que nous proposons est un v\u00e9ritable d\u00e9lice culinaire, produit selon des m\u00e9thodes traditionnelles qui en rehaussent le go\u00fbt et l&#8217;authenticit\u00e9. Fabriqu\u00e9 \u00e0 partir de viande de porc de premier choix provenant d&#8217;exploitations s\u00e9lectionn\u00e9es o\u00f9 les animaux sont nourris et \u00e9lev\u00e9s dans le respect de leur nature et de leur bien-\u00eatre, ce [&hellip;]<\/p>\n","protected":false},"featured_media":6741,"template":"","meta":{"_acf_changed":false},"product_brand":[],"product_cat":[66],"product_tag":[],"class_list":{"0":"post-6749","1":"product","2":"type-product","3":"status-publish","4":"has-post-thumbnail","6":"product_cat-conserves","8":"first","9":"instock","10":"shipping-taxable","11":"purchasable","12":"product-type-simple"},"acf":[],"_links":{"self":[{"href":"https:\/\/conservedelconte.com\/fr\/wp-json\/wp\/v2\/product\/6749","targetHints":{"allow":["GET"]}}],"collection":[{"href":"https:\/\/conservedelconte.com\/fr\/wp-json\/wp\/v2\/product"}],"about":[{"href":"https:\/\/conservedelconte.com\/fr\/wp-json\/wp\/v2\/types\/product"}],"wp:featuredmedia":[{"embeddable":true,"href":"https:\/\/conservedelconte.com\/fr\/wp-json\/wp\/v2\/media\/6741"}],"wp:attachment":[{"href":"https:\/\/conservedelconte.com\/fr\/wp-json\/wp\/v2\/media?parent=6749"}],"wp:term":[{"taxonomy":"product_brand","embeddable":true,"href":"https:\/\/conservedelconte.com\/fr\/wp-json\/wp\/v2\/product_brand?post=6749"},{"taxonomy":"product_cat","embeddable":true,"href":"https:\/\/conservedelconte.com\/fr\/wp-json\/wp\/v2\/product_cat?post=6749"},{"taxonomy":"product_tag","embeddable":true,"href":"https:\/\/conservedelconte.com\/fr\/wp-json\/wp\/v2\/product_tag?post=6749"}],"curies":[{"name":"wp","href":"https:\/\/api.w.org\/{rel}","templated":true}]}}