{"id":6794,"date":"2024-02-23T13:46:31","date_gmt":"2024-02-23T12:46:31","guid":{"rendered":"https:\/\/conservedelconte.com\/accueil\/"},"modified":"2024-04-24T22:12:33","modified_gmt":"2024-04-24T20:12:33","slug":"accueil","status":"publish","type":"page","link":"https:\/\/conservedelconte.com\/fr\/","title":{"rendered":"Accueil"},"content":{"rendered":"<p><img decoding=\"async\" src=\"\/wp-content\/uploads\/2024\/02\/CONSERVE-DEL-CONTE1.png\" alt=\"\"><\/p>\n<div>TRADITION<\/div>\n<div>AUTHENTICIT\u00c9<\/div>\n<div>QUALIT\u00c9<\/div>\n<div>\n<p>D\u00c9COUVREZ LE GO\u00dbT DE LA TRADITION : PLONGEZ DANS L\u2019AUTHENTICIT\u00c9 ET L&#8217;ARTISANAT DE NOS CONSERVES.<\/p>\n<\/div>\n<ul>\n<li>\n<p><img decoding=\"async\" src=\"\/wp-content\/uploads\/2024\/03\/barattolo.jpg\" alt=\"\"><\/p>\n<h3>ARTISANAL<\/h3>\n<div>\n<p><span>De la terre \u00e0 votre table, un voyage de qualit\u00e9 et de passion.<\/span><\/p>\n<\/div>\n<\/li>\n<li>\n<p><img decoding=\"async\" src=\"\/wp-content\/uploads\/2024\/03\/mani.jpg\" alt=\"\"><\/p>\n<h3>GARDIENS DE LA TERRE<\/h3>\n<div>\n<p>Notre passion est n\u00e9e du profond respect pour le sol qui nourrit chacun de nos produits.<\/p>\n<\/div>\n<\/li>\n<li>\n<p><img decoding=\"async\" src=\"\/wp-content\/uploads\/2024\/03\/olive.jpg\" alt=\"\"><\/p>\n<h3>RACINES DE TRADITION<\/h3>\n<div>\n<p><span>L\u00e0 o\u00f9 tradition et nature s&#8217;entrelacent pour cr\u00e9er des saveurs uniques.<\/span><\/p>\n<\/div>\n<\/li>\n<\/ul>\n<ul>\n<li>\n<p>        <img decoding=\"async\" src=\"\/wp-content\/uploads\/2024\/02\/DSC5026.jpg\" alt=\"\"><\/p>\n<h3>_DSC5026<\/h3>\n<\/li>\n<li>\n<p>        <img decoding=\"async\" src=\"\/wp-content\/uploads\/2024\/02\/DSC4894.jpg\" alt=\"\"><\/p>\n<h3>_DSC4894<\/h3>\n<\/li>\n<li>\n<p>        <img decoding=\"async\" src=\"\/wp-content\/uploads\/2024\/02\/DSC4924.jpg\" alt=\"\"><\/p>\n<h3>_DSC4924<\/h3>\n<\/li>\n<li>\n<p>        <img decoding=\"async\" src=\"\/wp-content\/uploads\/2024\/02\/DSC4948.jpg\" alt=\"\"><\/p>\n<h3>_DSC4948<\/h3>\n<\/li>\n<li>\n<p>        <img decoding=\"async\" src=\"\/wp-content\/uploads\/2024\/02\/DSC4979.jpg\" alt=\"\"><\/p>\n<h3>_DSC4979<\/h3>\n<\/li>\n<li>\n<p>        <img decoding=\"async\" src=\"\/wp-content\/uploads\/2024\/02\/DSC5006.jpg\" alt=\"\"><\/p>\n<h3>_DSC5006<\/h3>\n<\/li>\n<li>\n<p>        <img decoding=\"async\" src=\"\/wp-content\/uploads\/2024\/02\/DSC5017.jpg\" alt=\"\"><\/p>\n<h3>_DSC5017<\/h3>\n<\/li>\n<li>\n<p>        <img decoding=\"async\" src=\"\/wp-content\/uploads\/2024\/02\/DSC5074.jpg\" alt=\"\"><\/p>\n<h3>_DSC5074<\/h3>\n<\/li>\n<\/ul>\n<div>\n<h3>UN VOYAGE PARMI LES SAVEURS<\/h3>\n<div>\n<p>Au c\u0153ur de notre production, les \u00ab Conserve del Conte \u00bb repr\u00e9sentent un pont entre le pass\u00e9 et le pr\u00e9sent, un voyage \u00e0 la red\u00e9couverte des saveurs authentiques qui ont marqu\u00e9 les tables des g\u00e9n\u00e9rations pr\u00e9c\u00e9dentes. Nos conserves sont le fruit d&#8217;une s\u00e9lection minutieuse d&#8217;ingr\u00e9dients locaux, cultiv\u00e9s avec passion et d\u00e9vouement, transform\u00e9s selon des m\u00e9thodes artisanales transmises au fil du temps. Chaque pot est une capsule temporelle qui renferme des histoires, des traditions et la richesse du territoire.<\/p>\n<\/div>\n<p><a href=\"\/fr\/produits\/\">D\u00c9COUVREZ NOS PRODUITS<\/a><\/p>\n<\/div>\n<div>\n<p>        <img decoding=\"async\" src=\"\/wp-content\/uploads\/2024\/03\/DSC4849-scaled.jpg\" alt=\"\"><\/p>\n<h3>EXPLOREZ LES SAVEURS DE LA TRADITION<\/h3>\n<div>\n<p><span>Immergez-vous dans un voyage culinaire sans pr\u00e9c\u00e9dent avec notre s\u00e9lection exclusive de conserves traditionnelles de Modica. Des tomates s\u00e9ch\u00e9es aux olives assaisonn\u00e9es, de la giardiniera aux aubergines sous huile, jusqu&#8217;au riche capuliato de tomate, chaque produit raconte une histoire unique de go\u00fbt et de tradition. Laissez-vous guider par la passion pour la bonne nourriture et d\u00e9couvrez les tr\u00e9sors cach\u00e9s de notre terre, soigneusement s\u00e9lectionn\u00e9s pour enrichir chacun de vos repas avec une touche de tradition et de saveur.<\/span><\/p>\n<\/div>\n<p><a href=\"\/fr\/produits\/\">EXPLOREZ LA TRADITION<\/a><\/p>\n<\/div>\n<p><!--more--><br \/>\n<!-- {\"type\":\"layout\",\"children\":[{\"type\":\"section\",\"props\":{\"header_transparent\":true,\"header_transparent_noplaceholder\":true,\"header_transparent_text_color\":\"light\",\"image_position\":\"center-center\",\"padding\":\"none\",\"style\":\"default\",\"title_breakpoint\":\"xl\",\"title_position\":\"top-left\",\"title_rotation\":\"left\",\"vertical_align\":\"middle\",\"width\":\"\"},\"children\":[{\"type\":\"row\",\"props\":{\"height\":\"viewport\",\"height_offset_top\":true},\"children\":[{\"type\":\"column\",\"props\":{\"image_position\":\"center-center\",\"image_size\":\"cover\",\"media_overlay\":\"rgba(0, 0, 0, 0.36)\",\"padding\":\"none\",\"position_sticky\":\"section\",\"position_sticky_breakpoint\":\"\",\"video\":\"wp-content\\\/uploads\\\/2024\\\/02\\\/conserve.mp4\",\"video_width\":\"2560\"}}]},{\"type\":\"row\",\"props\":{\"css\":\".el-row {\\n position: relative;\\n z-index: 1;\\n margin-top: -100vh;\\n}\",\"height\":\"viewport\"},\"children\":[{\"type\":\"column\",\"props\":{\"image_position\":\"center-center\",\"position_sticky_breakpoint\":\"m\",\"text_color\":\"light\",\"vertical_align\":\"middle\"},\"children\":[{\"type\":\"image\",\"props\":{\"animation\":\"parallax\",\"block_align\":\"center\",\"image\":\"\",\"image_loading\":true,\"image_svg_color\":\"emphasis\",\"image_width\":\"180\",\"margin\":\"small\",\"margin_remove_bottom\":false,\"maxwidth\":\"xlarge\",\"parallax_blur\":\"50\",\"parallax_opacity\":\"1,0,0\",\"parallax_scale\":\"0.5\",\"parallax_start\":\"55vh + 50%\",\"position\":\"relative\",\"position_z_index\":\"1\",\"text_align\":\"left\",\"text_align_breakpoint\":\"l\",\"text_align_fallback\":\"center\"}},{\"type\":\"headline\",\"props\":{\"animation\":\"parallax\",\"content\":\"\",\"margin_remove_top\":true,\"parallax_blur\":\"50\",\"parallax_opacity\":\"1,0,0\",\"parallax_scale\":\"0.5\",\"parallax_start\":\"55vh + 50%\",\"position\":\"relative\",\"position_z_index\":\"1\",\"text_align\":\"center\",\"title_element\":\"h1\",\"title_style\":\"heading-2xlarge\",\"visibility\":\"s\"}},{\"type\":\"headline\",\"props\":{\"animation\":\"parallax\",\"content\":\"\",\"margin_remove_top\":true,\"parallax_blur\":\"50\",\"parallax_opacity\":\"1,0,0\",\"parallax_scale\":\"0.5\",\"parallax_start\":\"50vh + 50%\",\"position\":\"relative\",\"position_z_index\":\"1\",\"text_align\":\"center\",\"title_element\":\"h1\",\"title_style\":\"heading-xlarge\",\"visibility\":\"hidden-s\"}},{\"type\":\"image\",\"props\":{\"animation\":\"parallax\",\"css\":\".el-image {\\n transform: translateY(-50%);\\n max-width: 60vw;\\n}\\n\",\"image\":\"wp-content\\\/uploads\\\/2024\\\/02\\\/CONSERVE-DEL-CONTE1.png\",\"image_loading\":true,\"image_svg_color\":\"primary\",\"image_svg_inline\":true,\"image_width\":\"530\",\"margin\":\"default\",\"parallax_blur\":\"50\",\"parallax_opacity\":\"1,0,0\",\"parallax_rotate\":\"-30\",\"parallax_scale\":\"0.5\",\"parallax_start\":\"50vh + 50%\",\"parallax_y\":\"-80\",\"position\":\"absolute\",\"position_top\":\"50%\",\"position_z_index\":\"0\",\"text_align\":\"center\"}}]}]},{\"type\":\"row\",\"children\":[{\"type\":\"column\",\"props\":{\"image_position\":\"center-center\",\"position_sticky_breakpoint\":\"m\",\"text_color\":\"light\"},\"children\":[{\"type\":\"headline\",\"props\":{\"animation\":\"parallax\",\"content\":\"TRADITION\",\"margin_remove_top\":false,\"parallax_blur\":\"50\",\"parallax_opacity\":\"1,0\",\"parallax_scale\":\"0.5\",\"parallax_start\":\"55vh + 50%\",\"text_align\":\"center\",\"title_element\":\"div\",\"title_style\":\"heading-xlarge\",\"visibility\":\"s\"}},{\"type\":\"headline\",\"props\":{\"animation\":\"parallax\",\"content\":\"AUTHENTICIT\\u00c9\",\"margin_remove_top\":false,\"parallax_blur\":\"50\",\"parallax_opacity\":\"1,0\",\"parallax_scale\":\"0.5\",\"parallax_start\":\"55vh + 50%\",\"text_align\":\"center\",\"title_element\":\"div\",\"title_style\":\"heading-large\",\"visibility\":\"s\"}},{\"type\":\"headline\",\"props\":{\"animation\":\"parallax\",\"content\":\"QUALIT\\u00c9\",\"css\":\".el-element { margin-bottom: 15vh; }\",\"margin_remove_top\":false,\"parallax_blur\":\"50\",\"parallax_opacity\":\"1,0\",\"parallax_scale\":\"0.5\",\"parallax_start\":\"55vh + 50%\",\"text_align\":\"center\",\"title_element\":\"div\",\"title_style\":\"heading-xlarge\",\"visibility\":\"s\"}},{\"type\":\"headline\",\"props\":{\"animation\":\"parallax\",\"content\":\"\n\n<p>D\\u00c9COUVREZ LE GO\\u00dbT DE LA TRADITION : PLONGEZ DANS L\\u2019AUTHENTICIT\\u00c9 ET L'ARTISANAT DE NOS CONSERVES.<\\\/p>\",\"margin\":\"xlarge\",\"margin_remove_bottom\":true,\"margin_remove_top\":false,\"parallax_blur\":\"50\",\"parallax_opacity\":\"1,0\",\"parallax_scale\":\"0.5\",\"parallax_start\":\"55vh + 50%\",\"text_align\":\"center\",\"title_element\":\"div\",\"title_style\":\"h2\"}}]}],\"props\":{\"css\":\".el-row {\\n    position: relative;\\n    z-index: 1;\\n}\",\"margin\":\"remove-vertical\",\"width\":\"expand\"}},{\"type\":\"row\",\"children\":[{\"type\":\"column\",\"props\":{\"image_position\":\"center-center\",\"position_sticky_breakpoint\":\"m\"}}]}],\"name\":\"Hero\"},{\"type\":\"section\",\"props\":{\"image_position\":\"center-center\",\"style\":\"default\",\"title_breakpoint\":\"xl\",\"title_position\":\"top-left\",\"title_rotation\":\"left\",\"vertical_align\":\"middle\",\"width\":\"default\"},\"children\":[{\"type\":\"row\",\"children\":[{\"type\":\"column\",\"props\":{\"image_position\":\"center-center\",\"position_sticky_breakpoint\":\"m\"},\"children\":[{\"name\":\"Grid Masonry\",\"type\":\"grid\",\"children\":[{\"type\":\"grid_item\",\"props\":{\"content\":\"\n\n<p><span>De la terre \\u00e0 votre table, un voyage de qualit\\u00e9 et de passion.<\\\/span><\\\/p>\",\"image\":\"wp-content\\\/uploads\\\/2024\\\/03\\\/barattolo.jpg\",\"meta\":\"\",\"title\":\"ARTISANAL\"}},{\"type\":\"grid_item\",\"props\":{\"content\":\"\n\n<p>Notre passion est n\\u00e9e du profond respect pour le sol qui nourrit chacun de nos produits.<\\\/p>\",\"image\":\"wp-content\\\/uploads\\\/2024\\\/03\\\/mani.jpg\",\"meta\":\"\",\"title\":\"GARDIENS DE LA TERRE\"}},{\"type\":\"grid_item\",\"props\":{\"content\":\"\n\n<p><span>L\\u00e0 o\\u00f9 tradition et nature s'entrelacent pour cr\\u00e9er des saveurs uniques.<\\\/span><\\\/p>\",\"image\":\"wp-content\\\/uploads\\\/2024\\\/03\\\/olive.jpg\",\"meta\":\"\",\"title\":\"RACINES DE TRADITION\"}}],\"props\":{\"content_column_breakpoint\":\"m\",\"filter_align\":\"left\",\"filter_all\":true,\"filter_grid_breakpoint\":\"m\",\"filter_grid_width\":\"auto\",\"filter_position\":\"top\",\"filter_style\":\"tab\",\"grid_column_gap\":\"large\",\"grid_default\":\"1\",\"grid_masonry\":\"next\",\"grid_medium\":\"3\",\"grid_small\":\"2\",\"icon_width\":80,\"image_align\":\"top\",\"image_grid_breakpoint\":\"m\",\"image_grid_width\":\"1-2\",\"image_svg_color\":\"emphasis\",\"image_transition\":\"scale-up\",\"image_width\":\"610\",\"item_animation\":true,\"link_margin\":\"medium\",\"link_style\":\"text\",\"link_text\":\"Read More\",\"margin\":\"default\",\"meta_align\":\"above-title\",\"meta_element\":\"div\",\"meta_style\":\"text-meta\",\"panel_link\":false,\"parallax_easing\":\"1\",\"show_content\":true,\"show_image\":true,\"show_link\":true,\"show_meta\":true,\"show_title\":true,\"text_align\":\"center\",\"title_align\":\"top\",\"title_element\":\"h3\",\"title_grid_breakpoint\":\"m\",\"title_grid_width\":\"1-2\",\"title_hover_style\":\"reset\",\"title_margin\":\"small\"}}]}]}]},{\"type\":\"section\",\"props\":{\"html_element\":\"article\",\"image_position\":\"center-center\",\"padding_remove_bottom\":false,\"padding_remove_top\":false,\"style\":\"muted\",\"title_breakpoint\":\"xl\",\"title_position\":\"top-left\",\"title_rotation\":\"left\",\"vertical_align\":\"middle\",\"width\":\"xlarge\"},\"children\":[{\"type\":\"row\",\"props\":{\"margin\":\"remove-vertical\"},\"children\":[{\"type\":\"column\",\"props\":{\"image_position\":\"center-center\",\"position_sticky_breakpoint\":\"m\"}}]},{\"type\":\"row\",\"props\":{\"column_gap\":\"medium\",\"layout\":\"2-3,1-3\",\"margin_remove_top\":true,\"row_gap\":\"large\"},\"children\":[{\"type\":\"column\",\"props\":{\"image_position\":\"center-center\",\"position_sticky_breakpoint\":\"m\",\"vertical_align\":\"middle\",\"width_medium\":\"2-3\"},\"children\":[{\"type\":\"slideshow\",\"props\":{\"link_style\":\"default\",\"link_text\":\"Read more\",\"margin\":\"default\",\"meta_align\":\"below-title\",\"meta_element\":\"div\",\"meta_style\":\"text-meta\",\"nav\":\"dotnav\",\"nav_align\":\"center\",\"nav_below\":true,\"nav_breakpoint\":\"s\",\"nav_position\":\"bottom-center\",\"nav_position_margin\":\"medium\",\"overlay_animation\":\"parallax\",\"overlay_position\":\"center-left\",\"show_content\":false,\"show_link\":true,\"show_meta\":false,\"show_thumbnail\":true,\"show_title\":false,\"slidenav\":\"default\",\"slidenav_breakpoint\":\"s\",\"slidenav_margin\":\"medium\",\"slidenav_outside_breakpoint\":\"xl\",\"slideshow_animation\":\"scale\",\"slideshow_autoplay\":true,\"slideshow_autoplay_interval\":\"5\",\"slideshow_autoplay_pause\":true,\"slideshow_kenburns\":\"center-right\",\"slideshow_min_height\":300,\"slideshow_parallax\":false,\"thumbnav_height\":\"75\",\"thumbnav_svg_color\":\"emphasis\",\"thumbnav_width\":\"100\",\"title_element\":\"h3\"},\"children\":[{\"type\":\"slideshow_item\",\"props\":{\"image\":\"wp-content\\\/uploads\\\/2024\\\/02\\\/DSC5026.jpg\",\"title\":\"_DSC5026\"}},{\"type\":\"slideshow_item\",\"props\":{\"image\":\"wp-content\\\/uploads\\\/2024\\\/02\\\/DSC4894.jpg\",\"title\":\"_DSC4894\"}},{\"type\":\"slideshow_item\",\"props\":{\"image\":\"wp-content\\\/uploads\\\/2024\\\/02\\\/DSC4924.jpg\",\"title\":\"_DSC4924\"}},{\"type\":\"slideshow_item\",\"props\":{\"image\":\"wp-content\\\/uploads\\\/2024\\\/02\\\/DSC4948.jpg\",\"title\":\"_DSC4948\"}},{\"type\":\"slideshow_item\",\"props\":{\"image\":\"wp-content\\\/uploads\\\/2024\\\/02\\\/DSC4979.jpg\",\"title\":\"_DSC4979\"}},{\"type\":\"slideshow_item\",\"props\":{\"image\":\"wp-content\\\/uploads\\\/2024\\\/02\\\/DSC5006.jpg\",\"title\":\"_DSC5006\"}},{\"type\":\"slideshow_item\",\"props\":{\"image\":\"wp-content\\\/uploads\\\/2024\\\/02\\\/DSC5017.jpg\",\"title\":\"_DSC5017\"}},{\"type\":\"slideshow_item\",\"props\":{\"image\":\"wp-content\\\/uploads\\\/2024\\\/02\\\/DSC5074.jpg\",\"title\":\"_DSC5074\"}}]}]},{\"type\":\"column\",\"props\":{\"image_position\":\"center-center\",\"order_first\":\"m\",\"position_sticky_breakpoint\":\"m\",\"vertical_align\":\"middle\",\"width_medium\":\"1-3\"},\"children\":[{\"type\":\"panel\",\"props\":{\"block_align_breakpoint\":\"m\",\"block_align_fallback\":\"center\",\"content\":\"\n\n<p>Au c\\u0153ur de notre production, les \\u00ab Conserve del Conte \\u00bb repr\\u00e9sentent un pont entre le pass\\u00e9 et le pr\\u00e9sent, un voyage \\u00e0 la red\\u00e9couverte des saveurs authentiques qui ont marqu\\u00e9 les tables des g\\u00e9n\\u00e9rations pr\\u00e9c\\u00e9dentes. Nos conserves sont le fruit d'une s\\u00e9lection minutieuse d'ingr\\u00e9dients locaux, cultiv\\u00e9s avec passion et d\\u00e9vouement, transform\\u00e9s selon des m\\u00e9thodes artisanales transmises au fil du temps. Chaque pot est une capsule temporelle qui renferme des histoires, des traditions et la richesse du territoire.<\\\/p>\",\"content_column_breakpoint\":\"m\",\"content_margin\":\"medium\",\"icon_width\":80,\"image_align\":\"top\",\"image_grid_breakpoint\":\"m\",\"image_grid_width\":\"1-2\",\"image_svg_color\":\"emphasis\",\"link\":\"fr\\\/produits\\\/\",\"link_margin\":\"medium\",\"link_style\":\"secondary\",\"link_text\":\"D\\u00c9COUVREZ NOS PRODUITS\",\"margin\":\"default\",\"maxwidth\":\"large\",\"meta\":\"\",\"meta_align\":\"below-title\",\"meta_element\":\"div\",\"meta_style\":\"text-meta\",\"text_align\":\"center\",\"text_align_breakpoint\":\"m\",\"text_align_fallback\":\"center\",\"title\":\"UN VOYAGE PARMI LES SAVEURS\",\"title_align\":\"top\",\"title_element\":\"h3\",\"title_grid_breakpoint\":\"m\",\"title_grid_width\":\"1-2\",\"title_hover_style\":\"reset\"}}]}]}],\"name\":\"Latest Post\"},{\"type\":\"section\",\"props\":{\"css\":\".el-section > [class*='uk-background-'] { min-height: 50vh; }\",\"image\":\"wp-content\\\/uploads\\\/2024\\\/03\\\/land2.jpg\",\"image_height\":700,\"image_position\":\"center-center\",\"image_size\":\"cover\",\"image_width\":1200,\"padding\":\"xlarge\",\"style\":\"default\",\"title_breakpoint\":\"xl\",\"title_position\":\"top-left\",\"title_rotation\":\"left\",\"vertical_align\":\"middle\",\"width\":\"default\"},\"children\":[{\"type\":\"row\",\"children\":[{\"type\":\"column\",\"props\":{\"image_position\":\"center-center\",\"position_sticky_breakpoint\":\"m\",\"width_medium\":\"1-1\"},\"children\":[{\"name\":\"Panel Image Right\",\"type\":\"panel\",\"props\":{\"block_align\":\"center\",\"content\":\"\n\n<p><span>Immergez-vous dans un voyage culinaire sans pr\\u00e9c\\u00e9dent avec notre s\\u00e9lection exclusive de conserves traditionnelles de Modica. Des tomates s\\u00e9ch\\u00e9es aux olives assaisonn\\u00e9es, de la giardiniera aux aubergines sous huile, jusqu'au riche capuliato de tomate, chaque produit raconte une histoire unique de go\\u00fbt et de tradition. Laissez-vous guider par la passion pour la bonne nourriture et d\\u00e9couvrez les tr\\u00e9sors cach\\u00e9s de notre terre, soigneusement s\\u00e9lectionn\\u00e9s pour enrichir chacun de vos repas avec une touche de tradition et de saveur.<\\\/span><\\\/p>\",\"content_column_breakpoint\":\"m\",\"content_margin\":\"small\",\"icon_width\":80,\"image\":\"wp-content\\\/uploads\\\/2024\\\/03\\\/DSC4849-scaled.jpg\",\"image_align\":\"right\",\"image_grid_breakpoint\":\"s\",\"image_grid_width\":\"2-5\",\"image_height\":\"1280\",\"image_svg_color\":\"emphasis\",\"image_vertical_align\":true,\"image_width\":\"960\",\"link\":\"fr\\\/produits\\\/\",\"link_margin\":\"medium\",\"link_style\":\"primary\",\"link_text\":\"EXPLOREZ LA TRADITION\",\"margin\":\"default\",\"meta\":\"\",\"meta_align\":\"above-title\",\"meta_element\":\"div\",\"meta_margin\":\"small\",\"meta_style\":\"text-meta\",\"panel_image_no_padding\":true,\"panel_padding\":\"default\",\"panel_style\":\"card-default\",\"text_align\":\"center\",\"title\":\"EXPLOREZ LES SAVEURS DE LA TRADITION\",\"title_align\":\"top\",\"title_element\":\"h3\",\"title_grid_breakpoint\":\"m\",\"title_grid_width\":\"1-2\",\"title_hover_style\":\"reset\",\"title_margin\":\"small\"}}]}]}],\"name\":\"Image\"}],\"version\":\"4.3.5\"} --><\/p>\n","protected":false},"excerpt":{"rendered":"<p>TRADITION AUTHENTICIT\u00c9 QUALIT\u00c9 D\u00c9COUVREZ LE GO\u00dbT DE LA TRADITION : PLONGEZ DANS L\u2019AUTHENTICIT\u00c9 ET L&#8217;ARTISANAT DE NOS CONSERVES. ARTISANAL De la terre \u00e0 votre table, un voyage de qualit\u00e9 et de passion. GARDIENS DE LA TERRE Notre passion est n\u00e9e du profond respect pour le sol qui nourrit chacun de nos produits. RACINES DE TRADITION [&hellip;]<\/p>\n","protected":false},"author":75,"featured_media":0,"parent":0,"menu_order":0,"comment_status":"closed","ping_status":"closed","template":"","meta":{"_acf_changed":false,"footnotes":""},"class_list":["post-6794","page","type-page","status-publish","hentry"],"acf":[],"_links":{"self":[{"href":"https:\/\/conservedelconte.com\/fr\/wp-json\/wp\/v2\/pages\/6794","targetHints":{"allow":["GET"]}}],"collection":[{"href":"https:\/\/conservedelconte.com\/fr\/wp-json\/wp\/v2\/pages"}],"about":[{"href":"https:\/\/conservedelconte.com\/fr\/wp-json\/wp\/v2\/types\/page"}],"author":[{"embeddable":true,"href":"https:\/\/conservedelconte.com\/fr\/wp-json\/wp\/v2\/users\/75"}],"replies":[{"embeddable":true,"href":"https:\/\/conservedelconte.com\/fr\/wp-json\/wp\/v2\/comments?post=6794"}],"version-history":[{"count":7,"href":"https:\/\/conservedelconte.com\/fr\/wp-json\/wp\/v2\/pages\/6794\/revisions"}],"predecessor-version":[{"id":6875,"href":"https:\/\/conservedelconte.com\/fr\/wp-json\/wp\/v2\/pages\/6794\/revisions\/6875"}],"wp:attachment":[{"href":"https:\/\/conservedelconte.com\/fr\/wp-json\/wp\/v2\/media?parent=6794"}],"curies":[{"name":"wp","href":"https:\/\/api.w.org\/{rel}","templated":true}]}}