{"id":6790,"date":"2024-02-29T13:16:27","date_gmt":"2024-02-29T12:16:27","guid":{"rendered":"https:\/\/conservedelconte.com\/a-propos-de-nous\/"},"modified":"2024-04-24T22:15:13","modified_gmt":"2024-04-24T20:15:13","slug":"a-propos-de-nous","status":"publish","type":"page","link":"https:\/\/conservedelconte.com\/fr\/a-propos-de-nous\/","title":{"rendered":"\u00c0 propos de nous"},"content":{"rendered":"<h2><strong>NOTRE MONDE : PASSION, TRADITION, AUTHENTICIT\u00c9<\/strong><\/h2>\n<div>Bienvenue au c\u0153ur vibrant de la tradition culinaire, o\u00f9 le go\u00fbt rencontre l&#8217;histoire dans chaque pot, chaque tranche, chaque bouch\u00e9e. &#8220;Conserve del Conte&#8221; est plus qu&#8217;un simple nom, c&#8217;est une promesse de qualit\u00e9, d&#8217;authenticit\u00e9 et de passion pour les produits qui sont la fiert\u00e9 de notre terre. N\u00e9s de l&#8217;amour pour notre culture et guid\u00e9s par la volont\u00e9 de pr\u00e9server les m\u00e9thodes traditionnelles de conservation, nous offrons une gamme de produits qui sont l&#8217;essence m\u00eame de notre territoire et de ses riches traditions culinaires.<\/div>\n<p><img decoding=\"async\" src=\"\/wp-content\/uploads\/2024\/03\/DSC5042.jpg\" alt=\"\"><\/p>\n<ul>\n<li>\n<p><img decoding=\"async\" src=\"\/wp-content\/uploads\/2024\/03\/DSC4906.jpg\" alt=\"\"><\/p>\n<\/li>\n<li>\n<p><img decoding=\"async\" src=\"\/wp-content\/uploads\/2024\/03\/DSC5042.jpg\" alt=\"\"><\/p>\n<\/li>\n<\/ul>\n<p><img decoding=\"async\" src=\"\/wp-content\/uploads\/2024\/03\/DSC4906.jpg\" alt=\"\"><\/p>\n<h2><strong>ARTISANAT ET TRADITION : L&#8217;\u00c2ME DE NOS CONSERVES<\/strong><\/h2>\n<div>Nous croyons fermement en la valeur de l&#8217;artisanat et dans la pr\u00e9servation des techniques traditionnelles. Chaque produit sortant de notre atelier est le r\u00e9sultat d&#8217;un travail manuel soign\u00e9, d&#8217;une connaissance approfondie des mati\u00e8res premi\u00e8res et d&#8217;un engagement constant \u00e0 maintenir vivants les saveurs authentiques de notre terre. Notre mission est de porter \u00e0 votre table non seulement de la nourriture, mais des histoires, des traditions, et un morceau de Sicile qui puisse toujours vous rappeler la richesse et la g\u00e9n\u00e9rosit\u00e9 de cette terre.<\/div>\n<div>\n<h3>UN VOYAGE DANS LES SAVEURS AUTHENTIQUES : REJOIGNEZ NOTRE AVENTURE<\/h3>\n<div>Nos produits sont une invitation \u00e0 red\u00e9couvrir la beaut\u00e9 de la simplicit\u00e9, la force des traditions et la chaleur d&#8217;une communaut\u00e9 qui a fait de sa cuisine un v\u00e9ritable patrimoine culturel \u00e0 pr\u00e9server et \u00e0 c\u00e9l\u00e9brer. Nous vous invitons \u00e0 faire partie de cette merveilleuse aventure, \u00e0 partager avec nous le voyage \u00e0 travers l&#8217;histoire et les saveurs de la Sicile.<\/div>\n<\/div>\n<p><!--more--><br \/>\n<!-- {\"type\":\"layout\",\"children\":[{\"type\":\"section\",\"props\":{\"css\":\"@media (min-width: 960px) {\\n .el-section> div  {\\n        padding-top: 350px;\\n        padding-bottom: 350px;\\n    }\\n}\",\"image\":\"wp-content\\\/uploads\\\/2024\\\/03\\\/land.jpg\",\"image_loading\":true,\"image_position\":\"center-center\",\"image_size\":\"cover\",\"image_width\":\"1840\",\"padding\":\"xlarge\",\"style\":\"default\",\"title_breakpoint\":\"xl\",\"title_position\":\"top-left\",\"title_rotation\":\"left\",\"vertical_align\":\"middle\",\"width\":\"default\"},\"children\":[{\"type\":\"row\",\"children\":[{\"type\":\"column\",\"props\":{\"image_position\":\"center-center\",\"position_sticky_breakpoint\":\"m\",\"width_medium\":\"1-1\"}}]}],\"name\":\"Hero\"},{\"type\":\"section\",\"props\":{\"image_position\":\"center-center\",\"padding\":\"large\",\"style\":\"default\",\"title_breakpoint\":\"xl\",\"title_position\":\"top-left\",\"title_rotation\":\"left\",\"vertical_align\":\"middle\",\"width\":\"default\"},\"children\":[{\"type\":\"row\",\"props\":{\"column_gap\":\"large\",\"divider\":false,\"layout\":\"2-3,1-3\",\"row_gap\":\"large\"},\"children\":[{\"type\":\"column\",\"props\":{\"image_position\":\"center-center\",\"position_sticky_breakpoint\":\"m\",\"width_medium\":\"2-3\"},\"children\":[{\"type\":\"headline\",\"props\":{\"content\":\"\",\"margin\":\"small\",\"text_align\":\"left\",\"text_align_breakpoint\":\"m\",\"text_align_fallback\":\"center\",\"title_color\":\"muted\",\"title_element\":\"h1\",\"title_style\":\"h6\"}},{\"type\":\"headline\",\"props\":{\"block_align_breakpoint\":\"m\",\"block_align_fallback\":\"center\",\"content\":\"<strong>NOTRE MONDE : PASSION, TRADITION, AUTHENTICIT\\u00c9<\\\/strong>\",\"margin\":\"medium\",\"margin_remove_top\":true,\"maxwidth\":\"xlarge\",\"text_align\":\"left\",\"text_align_breakpoint\":\"m\",\"text_align_fallback\":\"center\",\"title_element\":\"h2\"}},{\"type\":\"text\",\"props\":{\"block_align_breakpoint\":\"m\",\"block_align_fallback\":\"center\",\"column_breakpoint\":\"m\",\"content\":\"Bienvenue au c\\u0153ur vibrant de la tradition culinaire, o\\u00f9 le go\\u00fbt rencontre l'histoire dans chaque pot, chaque tranche, chaque bouch\\u00e9e. \\\"Conserve del Conte\\\" est plus qu'un simple nom, c'est une promesse de qualit\\u00e9, d'authenticit\\u00e9 et de passion pour les produits qui sont la fiert\\u00e9 de notre terre. N\\u00e9s de l'amour pour notre culture et guid\\u00e9s par la volont\\u00e9 de pr\\u00e9server les m\\u00e9thodes traditionnelles de conservation, nous offrons une gamme de produits qui sont l'essence m\\u00eame de notre territoire et de ses riches traditions culinaires.\",\"margin\":\"xlarge\",\"margin_remove_top\":true,\"maxwidth\":\"2xlarge\",\"maxwidth_breakpoint\":\"m\",\"text_align\":\"left\"}},{\"type\":\"image\",\"props\":{\"image\":\"wp-content\\\/uploads\\\/2024\\\/03\\\/DSC5042.jpg\",\"image_svg_color\":\"emphasis\",\"image_width\":\"760\",\"margin\":\"default\",\"visibility\":\"m\"}},{\"type\":\"grid\",\"props\":{\"content_column_breakpoint\":\"m\",\"filter_align\":\"left\",\"filter_all\":true,\"filter_grid_breakpoint\":\"m\",\"filter_grid_width\":\"auto\",\"filter_position\":\"top\",\"filter_style\":\"tab\",\"grid_column_gap\":\"small\",\"grid_default\":\"1\",\"grid_medium\":\"\",\"grid_row_gap\":\"small\",\"grid_small\":\"2\",\"icon_width\":80,\"image_align\":\"top\",\"image_grid_breakpoint\":\"m\",\"image_grid_width\":\"1-2\",\"image_height\":\"795\",\"image_loading\":true,\"image_svg_color\":\"emphasis\",\"image_width\":\"610\",\"item_animation\":true,\"link_style\":\"default\",\"link_text\":\"Read more\",\"margin\":\"default\",\"meta_align\":\"below-title\",\"meta_element\":\"div\",\"meta_style\":\"text-meta\",\"parallax_easing\":\"1\",\"show_content\":true,\"show_image\":true,\"show_link\":true,\"show_meta\":true,\"show_title\":false,\"title_align\":\"top\",\"title_element\":\"h3\",\"title_grid_breakpoint\":\"m\",\"title_grid_width\":\"1-2\",\"title_hover_style\":\"reset\",\"visibility\":\"hidden-m\"},\"children\":[{\"type\":\"grid_item\",\"props\":{\"image\":\"wp-content\\\/uploads\\\/2024\\\/03\\\/DSC4906.jpg\",\"title\":\"\"}},{\"type\":\"grid_item\",\"props\":{\"image\":\"wp-content\\\/uploads\\\/2024\\\/03\\\/DSC5042.jpg\",\"title\":\"\"}}]}]},{\"type\":\"column\",\"props\":{\"image_position\":\"center-center\",\"position_sticky_breakpoint\":\"m\",\"width_medium\":\"1-3\"},\"children\":[{\"type\":\"image\",\"props\":{\"image\":\"wp-content\\\/uploads\\\/2024\\\/03\\\/DSC4906.jpg\",\"image_loading\":true,\"image_svg_color\":\"emphasis\",\"image_width\":\"610\",\"margin\":\"xlarge\",\"margin_remove_top\":false,\"visibility\":\"m\"}},{\"type\":\"headline\",\"props\":{\"content\":\"<strong>ARTISANAT ET TRADITION : L'\\u00c2ME DE NOS CONSERVES<\\\/strong>\",\"margin_remove_bottom\":false,\"text_align\":\"left\",\"text_align_breakpoint\":\"m\",\"text_align_fallback\":\"center\",\"title_element\":\"h2\",\"title_style\":\"h4\"}},{\"type\":\"text\",\"props\":{\"column_breakpoint\":\"m\",\"content\":\"Nous croyons fermement en la valeur de l'artisanat et dans la pr\\u00e9servation des techniques traditionnelles. Chaque produit sortant de notre atelier est le r\\u00e9sultat d'un travail manuel soign\\u00e9, d'une connaissance approfondie des mati\\u00e8res premi\\u00e8res et d'un engagement constant \\u00e0 maintenir vivants les saveurs authentiques de notre terre. Notre mission est de porter \\u00e0 votre table non seulement de la nourriture, mais des histoires, des traditions, et un morceau de Sicile qui puisse toujours vous rappeler la richesse et la g\\u00e9n\\u00e9rosit\\u00e9 de cette terre.\",\"margin\":\"default\"}}]}]}],\"name\":\"About\"},{\"type\":\"section\",\"props\":{\"image_position\":\"center-center\",\"padding\":\"large\",\"padding_remove_top\":true,\"style\":\"default\",\"text_color\":\"light\",\"title_breakpoint\":\"xl\",\"title_position\":\"top-left\",\"title_rotation\":\"left\",\"vertical_align\":\"middle\",\"width\":\"\"},\"children\":[{\"type\":\"row\",\"props\":{\"margin\":\"xlarge\"},\"children\":[{\"type\":\"column\",\"props\":{\"image\":\"wp-content\\\/uploads\\\/2024\\\/03\\\/DSC0647.jpg\",\"image_position\":\"center-center\",\"image_size\":\"cover\",\"image_width\":\"1840\",\"padding\":\"xlarge\",\"position_sticky_breakpoint\":\"m\",\"text_color\":\"light\",\"width_medium\":\"1-1\"},\"children\":[{\"name\":\"Panel Style None\",\"type\":\"panel\",\"props\":{\"block_align\":\"center\",\"content\":\"Nos produits sont une invitation \\u00e0 red\\u00e9couvrir la beaut\\u00e9 de la simplicit\\u00e9, la force des traditions et la chaleur d'une communaut\\u00e9 qui a fait de sa cuisine un v\\u00e9ritable patrimoine culturel \\u00e0 pr\\u00e9server et \\u00e0 c\\u00e9l\\u00e9brer. Nous vous invitons \\u00e0 faire partie de cette merveilleuse aventure, \\u00e0 partager avec nous le voyage \\u00e0 travers l'histoire et les saveurs de la Sicile.\",\"content_column_breakpoint\":\"m\",\"content_margin\":\"small\",\"icon_width\":80,\"image\":\"\",\"image_align\":\"top\",\"image_grid_breakpoint\":\"m\",\"image_grid_width\":\"1-2\",\"image_height\":\"50\",\"image_svg_color\":\"primary\",\"image_svg_inline\":true,\"image_width\":\"50\",\"link_style\":\"default\",\"link_text\":\"Read more\",\"margin\":\"default\",\"maxwidth\":\"xlarge\",\"meta\":\"\",\"meta_align\":\"above-title\",\"meta_element\":\"div\",\"meta_style\":\"text-meta\",\"panel_card_image\":false,\"panel_padding\":\"default\",\"panel_style\":\"card-default\",\"text_align\":\"center\",\"title\":\"UN VOYAGE DANS LES SAVEURS AUTHENTIQUES : REJOIGNEZ NOTRE AVENTURE\",\"title_align\":\"top\",\"title_element\":\"h3\",\"title_grid_breakpoint\":\"m\",\"title_grid_width\":\"1-2\",\"title_hover_style\":\"reset\"}}]}]}],\"name\":\"Workshop\"}],\"version\":\"4.3.5\"} --><\/p>\n","protected":false},"excerpt":{"rendered":"<p>NOTRE MONDE : PASSION, TRADITION, AUTHENTICIT\u00c9 Bienvenue au c\u0153ur vibrant de la tradition culinaire, o\u00f9 le go\u00fbt rencontre l&#8217;histoire dans chaque pot, chaque tranche, chaque bouch\u00e9e. &#8220;Conserve del Conte&#8221; est plus qu&#8217;un simple nom, c&#8217;est une promesse de qualit\u00e9, d&#8217;authenticit\u00e9 et de passion pour les produits qui sont la fiert\u00e9 de notre terre. N\u00e9s de [&hellip;]<\/p>\n","protected":false},"author":75,"featured_media":0,"parent":0,"menu_order":0,"comment_status":"closed","ping_status":"closed","template":"","meta":{"_acf_changed":false,"footnotes":""},"class_list":["post-6790","page","type-page","status-publish","hentry"],"acf":[],"_links":{"self":[{"href":"https:\/\/conservedelconte.com\/fr\/wp-json\/wp\/v2\/pages\/6790","targetHints":{"allow":["GET"]}}],"collection":[{"href":"https:\/\/conservedelconte.com\/fr\/wp-json\/wp\/v2\/pages"}],"about":[{"href":"https:\/\/conservedelconte.com\/fr\/wp-json\/wp\/v2\/types\/page"}],"author":[{"embeddable":true,"href":"https:\/\/conservedelconte.com\/fr\/wp-json\/wp\/v2\/users\/75"}],"replies":[{"embeddable":true,"href":"https:\/\/conservedelconte.com\/fr\/wp-json\/wp\/v2\/comments?post=6790"}],"version-history":[{"count":1,"href":"https:\/\/conservedelconte.com\/fr\/wp-json\/wp\/v2\/pages\/6790\/revisions"}],"predecessor-version":[{"id":6876,"href":"https:\/\/conservedelconte.com\/fr\/wp-json\/wp\/v2\/pages\/6790\/revisions\/6876"}],"wp:attachment":[{"href":"https:\/\/conservedelconte.com\/fr\/wp-json\/wp\/v2\/media?parent=6790"}],"curies":[{"name":"wp","href":"https:\/\/api.w.org\/{rel}","templated":true}]}}