{"id":6774,"date":"2024-03-07T11:28:43","date_gmt":"2024-03-07T10:28:43","guid":{"rendered":"https:\/\/conservedelconte.com\/prodotto\/giardiniera-en-aceite\/"},"modified":"2026-03-09T15:20:01","modified_gmt":"2026-03-09T14:20:01","slug":"giardiniera-en-aceite","status":"publish","type":"product","link":"https:\/\/conservedelconte.com\/es\/prodotto\/giardiniera-en-aceite\/","title":{"rendered":"Giardiniera en aceite"},"content":{"rendered":"<p>Nuestra Giardiniera Sott olio es una sinfon\u00eda de colores y sabores, un mosaico de crujientes verduras cuidadosamente seleccionadas. Esta especialidad es un homenaje a la biodiversidad de nuestra tierra, donde cada ingrediente, desde la zanahoria al apio, pasando por la coliflor o el pimiento, se cosecha en su punto justo de maduraci\u00f3n para garantizar la m\u00e1xima frescura y vivacidad. Perfecta para acompa\u00f1ar platos de carne o pescado, ideal como entrante o para enriquecer un aperitivo, nuestra giardiniera en aceite es un aut\u00e9ntico viaje en el sabor, capaz de transformar cada bocado en una experiencia inolvidable de sabores tradicionales y genuinos.<\/p>\n","protected":false},"excerpt":{"rendered":"<p>Nuestra Giardiniera Sott olio es una sinfon\u00eda de colores y sabores, un mosaico de crujientes verduras cuidadosamente seleccionadas. Esta especialidad es un homenaje a la biodiversidad de nuestra tierra, donde cada ingrediente, desde la zanahoria al apio, pasando por la coliflor o el pimiento, se cosecha en su punto justo de maduraci\u00f3n para garantizar la [&hellip;]<\/p>\n","protected":false},"featured_media":6627,"template":"","meta":{"_acf_changed":false},"product_brand":[],"product_cat":[68],"product_tag":[],"class_list":{"0":"post-6774","1":"product","2":"type-product","3":"status-publish","4":"has-post-thumbnail","6":"product_cat-conserva","8":"first","9":"instock","10":"shipping-taxable","11":"purchasable","12":"product-type-simple"},"acf":[],"_links":{"self":[{"href":"https:\/\/conservedelconte.com\/es\/wp-json\/wp\/v2\/product\/6774","targetHints":{"allow":["GET"]}}],"collection":[{"href":"https:\/\/conservedelconte.com\/es\/wp-json\/wp\/v2\/product"}],"about":[{"href":"https:\/\/conservedelconte.com\/es\/wp-json\/wp\/v2\/types\/product"}],"wp:featuredmedia":[{"embeddable":true,"href":"https:\/\/conservedelconte.com\/es\/wp-json\/wp\/v2\/media\/6627"}],"wp:attachment":[{"href":"https:\/\/conservedelconte.com\/es\/wp-json\/wp\/v2\/media?parent=6774"}],"wp:term":[{"taxonomy":"product_brand","embeddable":true,"href":"https:\/\/conservedelconte.com\/es\/wp-json\/wp\/v2\/product_brand?post=6774"},{"taxonomy":"product_cat","embeddable":true,"href":"https:\/\/conservedelconte.com\/es\/wp-json\/wp\/v2\/product_cat?post=6774"},{"taxonomy":"product_tag","embeddable":true,"href":"https:\/\/conservedelconte.com\/es\/wp-json\/wp\/v2\/product_tag?post=6774"}],"curies":[{"name":"wp","href":"https:\/\/api.w.org\/{rel}","templated":true}]}}