{"id":6761,"date":"2024-03-19T13:40:08","date_gmt":"2024-03-19T12:40:08","guid":{"rendered":"https:\/\/conservedelconte.com\/prodotto\/aceitunas-en-salmuera\/"},"modified":"2024-03-19T13:40:08","modified_gmt":"2024-03-19T12:40:08","slug":"aceitunas-en-salmuera","status":"publish","type":"product","link":"https:\/\/conservedelconte.com\/es\/prodotto\/aceitunas-en-salmuera\/","title":{"rendered":"Aceitunas en salmuera"},"content":{"rendered":"<p>Nuestras aceitunas verdes en salmuera son un manjar que encierra todo el sabor y la frescura de la tradici\u00f3n culinaria mediterr\u00e1nea. Cuidadosamente seleccionadas entre las mejores cosechas, estas aceitunas verdes se recogen a mano en su punto justo de maduraci\u00f3n y se sumergen en una salmuera equilibrada que realza su sabor naturalmente vivo y ligeramente amargo. La salmuera, h\u00e1bilmente preparada con agua, sal y una mezcla de hierbas seleccionadas, confiere a las aceitunas un crujiente \u00fanico y un aroma inconfundible, que las convierte en el complemento ideal de una gran variedad de platos.<\/p>\n","protected":false},"excerpt":{"rendered":"<p>Nuestras aceitunas verdes en salmuera son un manjar que encierra todo el sabor y la frescura de la tradici\u00f3n culinaria mediterr\u00e1nea. Cuidadosamente seleccionadas entre las mejores cosechas, estas aceitunas verdes se recogen a mano en su punto justo de maduraci\u00f3n y se sumergen en una salmuera equilibrada que realza su sabor naturalmente vivo y ligeramente [&hellip;]<\/p>\n","protected":false},"featured_media":6675,"template":"","meta":{"_acf_changed":false},"product_brand":[],"product_cat":[68],"product_tag":[],"class_list":{"0":"post-6761","1":"product","2":"type-product","3":"status-publish","4":"has-post-thumbnail","6":"product_cat-conserva","8":"first","9":"instock","10":"shipping-taxable","11":"purchasable","12":"product-type-simple"},"acf":[],"_links":{"self":[{"href":"https:\/\/conservedelconte.com\/es\/wp-json\/wp\/v2\/product\/6761","targetHints":{"allow":["GET"]}}],"collection":[{"href":"https:\/\/conservedelconte.com\/es\/wp-json\/wp\/v2\/product"}],"about":[{"href":"https:\/\/conservedelconte.com\/es\/wp-json\/wp\/v2\/types\/product"}],"wp:featuredmedia":[{"embeddable":true,"href":"https:\/\/conservedelconte.com\/es\/wp-json\/wp\/v2\/media\/6675"}],"wp:attachment":[{"href":"https:\/\/conservedelconte.com\/es\/wp-json\/wp\/v2\/media?parent=6761"}],"wp:term":[{"taxonomy":"product_brand","embeddable":true,"href":"https:\/\/conservedelconte.com\/es\/wp-json\/wp\/v2\/product_brand?post=6761"},{"taxonomy":"product_cat","embeddable":true,"href":"https:\/\/conservedelconte.com\/es\/wp-json\/wp\/v2\/product_cat?post=6761"},{"taxonomy":"product_tag","embeddable":true,"href":"https:\/\/conservedelconte.com\/es\/wp-json\/wp\/v2\/product_tag?post=6761"}],"curies":[{"name":"wp","href":"https:\/\/api.w.org\/{rel}","templated":true}]}}