{"id":6751,"date":"2024-04-08T14:30:41","date_gmt":"2024-04-08T12:30:41","guid":{"rendered":"https:\/\/conservedelconte.com\/prodotto\/embutido-seco-artesano\/"},"modified":"2024-04-08T14:30:41","modified_gmt":"2024-04-08T12:30:41","slug":"embutido-seco-artesano","status":"publish","type":"product","link":"https:\/\/conservedelconte.com\/es\/prodotto\/embutido-seco-artesano\/","title":{"rendered":"Embutido seco artesano"},"content":{"rendered":"<p>El embutido seco artesanal que ofrecemos es una aut\u00e9ntica delicia culinaria, elaborada con m\u00e9todos tradicionales que realzan su sabor y autenticidad. Elaborado con carne de cerdo de primera calidad procedente de granjas seleccionadas donde los animales se alimentan y cr\u00edan respetando plenamente su naturaleza y bienestar, este embutido representa la excelencia de la artesan\u00eda alimentaria. Cada etapa del proceso de producci\u00f3n se cuida con una atenci\u00f3n obsesiva, desde el picado de la carne, que conserva el grano justo para garantizar una textura perfecta, hasta la adici\u00f3n de especias naturales y locales que enriquecen el producto con sabores intensos y genuinos. Entre ellas, la guindilla roja, cultivada bajo un sol generoso, aporta un toque picante que se equilibra armoniosamente con las notas arom\u00e1ticas del hinojo silvestre y el ajo, creando un conjunto de sabores que bailan en la boca con cada degustaci\u00f3n. La curaci\u00f3n se realiza en entornos naturales, donde el clima y el aire puro contribuyen a que el salchich\u00f3n seco sea incre\u00edblemente sabroso, con una textura que se deshace en la boca, resaltando cada nota de sabor. Su aspecto r\u00fastico, con su caracter\u00edstica forma ligeramente curvada y su superficie exterior cubierta por una ligera p\u00e1tina blanca, atestigua el respeto por las antiguas t\u00e9cnicas de producci\u00f3n y el tiempo necesario para que el producto alcance la perfecci\u00f3n.<\/p>\n","protected":false},"excerpt":{"rendered":"<p>El embutido seco artesanal que ofrecemos es una aut\u00e9ntica delicia culinaria, elaborada con m\u00e9todos tradicionales que realzan su sabor y autenticidad. Elaborado con carne de cerdo de primera calidad procedente de granjas seleccionadas donde los animales se alimentan y cr\u00edan respetando plenamente su naturaleza y bienestar, este embutido representa la excelencia de la artesan\u00eda alimentaria. [&hellip;]<\/p>\n","protected":false},"featured_media":6743,"template":"","meta":{"_acf_changed":false},"product_brand":[],"product_cat":[68],"product_tag":[],"class_list":{"0":"post-6751","1":"product","2":"type-product","3":"status-publish","4":"has-post-thumbnail","6":"product_cat-conserva","8":"first","9":"instock","10":"shipping-taxable","11":"purchasable","12":"product-type-simple"},"acf":[],"_links":{"self":[{"href":"https:\/\/conservedelconte.com\/es\/wp-json\/wp\/v2\/product\/6751","targetHints":{"allow":["GET"]}}],"collection":[{"href":"https:\/\/conservedelconte.com\/es\/wp-json\/wp\/v2\/product"}],"about":[{"href":"https:\/\/conservedelconte.com\/es\/wp-json\/wp\/v2\/types\/product"}],"wp:featuredmedia":[{"embeddable":true,"href":"https:\/\/conservedelconte.com\/es\/wp-json\/wp\/v2\/media\/6743"}],"wp:attachment":[{"href":"https:\/\/conservedelconte.com\/es\/wp-json\/wp\/v2\/media?parent=6751"}],"wp:term":[{"taxonomy":"product_brand","embeddable":true,"href":"https:\/\/conservedelconte.com\/es\/wp-json\/wp\/v2\/product_brand?post=6751"},{"taxonomy":"product_cat","embeddable":true,"href":"https:\/\/conservedelconte.com\/es\/wp-json\/wp\/v2\/product_cat?post=6751"},{"taxonomy":"product_tag","embeddable":true,"href":"https:\/\/conservedelconte.com\/es\/wp-json\/wp\/v2\/product_tag?post=6751"}],"curies":[{"name":"wp","href":"https:\/\/api.w.org\/{rel}","templated":true}]}}