{"id":6795,"date":"2024-02-23T13:46:31","date_gmt":"2024-02-23T12:46:31","guid":{"rendered":"https:\/\/conservedelconte.com\/inicio\/"},"modified":"2024-04-24T21:13:04","modified_gmt":"2024-04-24T19:13:04","slug":"inicio","status":"publish","type":"page","link":"https:\/\/conservedelconte.com\/es\/","title":{"rendered":"Inicio"},"content":{"rendered":"<p><img decoding=\"async\" src=\"\/wp-content\/uploads\/2024\/02\/CONSERVE-DEL-CONTE1.png\" alt=\"\"><\/p>\n<div>TRADICI\u00d3N<\/div>\n<div>AUTENTICIDAD<\/div>\n<div>CALIDAD<\/div>\n<div>\n<p>DESCUBRE EL SABOR DE LA TRADICI\u00d3N: SUM\u00c9RGETE EN LA AUTENTICIDAD Y LA ARTESANALIDAD DE NUESTRAS CONSERVAS.<\/p>\n<\/div>\n<ul>\n<li>\n<p><img decoding=\"async\" src=\"\/wp-content\/uploads\/2024\/03\/barattolo.jpg\" alt=\"\"><\/p>\n<h3>ARTESANAL<\/h3>\n<div>\n<p><span>De la tierra a tu mesa, un viaje de calidad y pasi\u00f3n.<\/span><\/p>\n<\/div>\n<\/li>\n<li>\n<p><img decoding=\"async\" src=\"\/wp-content\/uploads\/2024\/03\/mani.jpg\" alt=\"\"><\/p>\n<h3>CUSTODIOS DE LA TIERRA<\/h3>\n<div>\n<p>Nuestra pasi\u00f3n nace del profundo respeto por el suelo que nutre cada uno de nuestros productos.<\/p>\n<\/div>\n<\/li>\n<li>\n<p><img decoding=\"async\" src=\"\/wp-content\/uploads\/2024\/03\/olive.jpg\" alt=\"\"><\/p>\n<h3>RA\u00cdCES DE TRADICI\u00d3N<\/h3>\n<div>\n<p><span>Donde la tradici\u00f3n y la naturaleza se entrelazan para crear sabores \u00fanicos.<\/span><\/p>\n<\/div>\n<\/li>\n<\/ul>\n<ul>\n<li>\n<p>        <img decoding=\"async\" src=\"\/wp-content\/uploads\/2024\/02\/DSC5026.jpg\" alt=\"\"><\/p>\n<h3>_DSC5026<\/h3>\n<\/li>\n<li>\n<p>        <img decoding=\"async\" src=\"\/wp-content\/uploads\/2024\/02\/DSC4894.jpg\" alt=\"\"><\/p>\n<h3>_DSC4894<\/h3>\n<\/li>\n<li>\n<p>        <img decoding=\"async\" src=\"\/wp-content\/uploads\/2024\/02\/DSC4924.jpg\" alt=\"\"><\/p>\n<h3>_DSC4924<\/h3>\n<\/li>\n<li>\n<p>        <img decoding=\"async\" src=\"\/wp-content\/uploads\/2024\/02\/DSC4948.jpg\" alt=\"\"><\/p>\n<h3>_DSC4948<\/h3>\n<\/li>\n<li>\n<p>        <img decoding=\"async\" src=\"\/wp-content\/uploads\/2024\/02\/DSC4979.jpg\" alt=\"\"><\/p>\n<h3>_DSC4979<\/h3>\n<\/li>\n<li>\n<p>        <img decoding=\"async\" src=\"\/wp-content\/uploads\/2024\/02\/DSC5006.jpg\" alt=\"\"><\/p>\n<h3>_DSC5006<\/h3>\n<\/li>\n<li>\n<p>        <img decoding=\"async\" src=\"\/wp-content\/uploads\/2024\/02\/DSC5017.jpg\" alt=\"\"><\/p>\n<h3>_DSC5017<\/h3>\n<\/li>\n<li>\n<p>        <img decoding=\"async\" src=\"\/wp-content\/uploads\/2024\/02\/DSC5074.jpg\" alt=\"\"><\/p>\n<h3>_DSC5074<\/h3>\n<\/li>\n<\/ul>\n<div>\n<h3>UN VIAJE ENTRE LOS SABORES<\/h3>\n<div>\n<p>En el coraz\u00f3n de nuestra producci\u00f3n, las &#8220;Conserve del Conte&#8221; representan un puente entre el pasado y el presente, un viaje al redescubrimiento de los sabores aut\u00e9nticos que han caracterizado las mesas de generaciones anteriores. Nuestras conservas son el fruto de una selecci\u00f3n cuidadosa de ingredientes locales, cultivados con pasi\u00f3n y dedicaci\u00f3n, transformados siguiendo m\u00e9todos artesanales transmitidos a lo largo del tiempo. Cada tarro es una c\u00e1psula del tiempo que encierra historias, tradiciones y la riqueza del territorio.<\/p>\n<\/div>\n<p><a href=\"\/es\/productos\/\">DESCUBRE PRODUCTOS<\/a><\/p>\n<\/div>\n<div>\n<p>        <img decoding=\"async\" src=\"\/wp-content\/uploads\/2024\/03\/DSC4849-scaled.jpg\" alt=\"\"><\/p>\n<h3>EXPLORA LOS SABORES DE LA TRADICI\u00d3N<\/h3>\n<div>\n<p><span>Sum\u00e9rgete en un viaje culinario sin precedentes con nuestra exclusiva selecci\u00f3n de conservas tradicionales de M\u00f3dica. Desde tomates secos hasta aceitunas condimentadas, desde giardiniera hasta berenjenas en aceite, hasta el rico capuliato de tomate, cada producto cuenta una historia \u00fanica de sabor y tradici\u00f3n. D\u00e9jate guiar por la pasi\u00f3n por la buena comida y descubre los tesoros ocultos de nuestra tierra, seleccionados cuidadosamente para enriquecer cada una de tus comidas con un toque de tradici\u00f3n y sabor.<\/span><\/p>\n<\/div>\n<p><a href=\"\/es\/productos\/\">EXPLORA LA TRADICI\u00d3N<\/a><\/p>\n<\/div>\n<p><!--more--><br \/>\n<!-- {\"type\":\"layout\",\"children\":[{\"type\":\"section\",\"props\":{\"header_transparent\":true,\"header_transparent_noplaceholder\":true,\"header_transparent_text_color\":\"light\",\"image_position\":\"center-center\",\"padding\":\"none\",\"style\":\"default\",\"title_breakpoint\":\"xl\",\"title_position\":\"top-left\",\"title_rotation\":\"left\",\"vertical_align\":\"middle\",\"width\":\"\"},\"children\":[{\"type\":\"row\",\"props\":{\"height\":\"viewport\",\"height_offset_top\":true},\"children\":[{\"type\":\"column\",\"props\":{\"image_position\":\"center-center\",\"image_size\":\"cover\",\"media_overlay\":\"rgba(0, 0, 0, 0.36)\",\"padding\":\"none\",\"position_sticky\":\"section\",\"position_sticky_breakpoint\":\"\",\"video\":\"wp-content\\\/uploads\\\/2024\\\/02\\\/conserve.mp4\",\"video_width\":\"2560\"}}]},{\"type\":\"row\",\"props\":{\"css\":\".el-row {\\n position: relative;\\n z-index: 1;\\n margin-top: -100vh;\\n}\",\"height\":\"viewport\"},\"children\":[{\"type\":\"column\",\"props\":{\"image_position\":\"center-center\",\"position_sticky_breakpoint\":\"m\",\"text_color\":\"light\",\"vertical_align\":\"middle\"},\"children\":[{\"type\":\"image\",\"props\":{\"animation\":\"parallax\",\"block_align\":\"center\",\"image\":\"\",\"image_loading\":true,\"image_svg_color\":\"emphasis\",\"image_width\":\"180\",\"margin\":\"small\",\"margin_remove_bottom\":false,\"maxwidth\":\"xlarge\",\"parallax_blur\":\"50\",\"parallax_opacity\":\"1,0,0\",\"parallax_scale\":\"0.5\",\"parallax_start\":\"55vh + 50%\",\"position\":\"relative\",\"position_z_index\":\"1\",\"text_align\":\"left\",\"text_align_breakpoint\":\"l\",\"text_align_fallback\":\"center\"}},{\"type\":\"headline\",\"props\":{\"animation\":\"parallax\",\"content\":\"\",\"margin_remove_top\":true,\"parallax_blur\":\"50\",\"parallax_opacity\":\"1,0,0\",\"parallax_scale\":\"0.5\",\"parallax_start\":\"55vh + 50%\",\"position\":\"relative\",\"position_z_index\":\"1\",\"text_align\":\"center\",\"title_element\":\"h1\",\"title_style\":\"heading-2xlarge\",\"visibility\":\"s\"}},{\"type\":\"headline\",\"props\":{\"animation\":\"parallax\",\"content\":\"\",\"margin_remove_top\":true,\"parallax_blur\":\"50\",\"parallax_opacity\":\"1,0,0\",\"parallax_scale\":\"0.5\",\"parallax_start\":\"50vh + 50%\",\"position\":\"relative\",\"position_z_index\":\"1\",\"text_align\":\"center\",\"title_element\":\"h1\",\"title_style\":\"heading-xlarge\",\"visibility\":\"hidden-s\"}},{\"type\":\"image\",\"props\":{\"animation\":\"parallax\",\"css\":\".el-image {\\n transform: translateY(-50%);\\n max-width: 60vw;\\n}\\n\",\"image\":\"wp-content\\\/uploads\\\/2024\\\/02\\\/CONSERVE-DEL-CONTE1.png\",\"image_loading\":true,\"image_svg_color\":\"primary\",\"image_svg_inline\":true,\"image_width\":\"530\",\"margin\":\"default\",\"parallax_blur\":\"50\",\"parallax_opacity\":\"1,0,0\",\"parallax_rotate\":\"-30\",\"parallax_scale\":\"0.5\",\"parallax_start\":\"50vh + 50%\",\"parallax_y\":\"-80\",\"position\":\"absolute\",\"position_top\":\"50%\",\"position_z_index\":\"0\",\"text_align\":\"center\"}}]}]},{\"type\":\"row\",\"children\":[{\"type\":\"column\",\"props\":{\"image_position\":\"center-center\",\"position_sticky_breakpoint\":\"m\",\"text_color\":\"light\"},\"children\":[{\"type\":\"headline\",\"props\":{\"animation\":\"parallax\",\"content\":\"TRADICI\\u00d3N\",\"margin_remove_top\":false,\"parallax_blur\":\"50\",\"parallax_opacity\":\"1,0\",\"parallax_scale\":\"0.5\",\"parallax_start\":\"55vh + 50%\",\"text_align\":\"center\",\"title_element\":\"div\",\"title_style\":\"heading-xlarge\",\"visibility\":\"s\"}},{\"type\":\"headline\",\"props\":{\"animation\":\"parallax\",\"content\":\"AUTENTICIDAD\",\"margin_remove_top\":false,\"parallax_blur\":\"50\",\"parallax_opacity\":\"1,0\",\"parallax_scale\":\"0.5\",\"parallax_start\":\"55vh + 50%\",\"text_align\":\"center\",\"title_element\":\"div\",\"title_style\":\"heading-large\",\"visibility\":\"s\"}},{\"type\":\"headline\",\"props\":{\"animation\":\"parallax\",\"content\":\"CALIDAD\",\"css\":\".el-element { margin-bottom: 15vh; }\",\"margin_remove_top\":false,\"parallax_blur\":\"50\",\"parallax_opacity\":\"1,0\",\"parallax_scale\":\"0.5\",\"parallax_start\":\"55vh + 50%\",\"text_align\":\"center\",\"title_element\":\"div\",\"title_style\":\"heading-xlarge\",\"visibility\":\"s\"}},{\"type\":\"headline\",\"props\":{\"animation\":\"parallax\",\"content\":\"\n\n<p>DESCUBRE EL SABOR DE LA TRADICI\\u00d3N: SUM\\u00c9RGETE EN LA AUTENTICIDAD Y LA ARTESANALIDAD DE NUESTRAS CONSERVAS.<\\\/p>\",\"margin\":\"xlarge\",\"margin_remove_bottom\":true,\"margin_remove_top\":false,\"parallax_blur\":\"50\",\"parallax_opacity\":\"1,0\",\"parallax_scale\":\"0.5\",\"parallax_start\":\"55vh + 50%\",\"text_align\":\"center\",\"title_element\":\"div\",\"title_style\":\"h2\"}}]}],\"props\":{\"css\":\".el-row {\\n    position: relative;\\n    z-index: 1;\\n}\",\"margin\":\"remove-vertical\",\"width\":\"expand\"}},{\"type\":\"row\",\"children\":[{\"type\":\"column\",\"props\":{\"image_position\":\"center-center\",\"position_sticky_breakpoint\":\"m\"}}]}],\"name\":\"Hero\"},{\"type\":\"section\",\"props\":{\"image_position\":\"center-center\",\"style\":\"default\",\"title_breakpoint\":\"xl\",\"title_position\":\"top-left\",\"title_rotation\":\"left\",\"vertical_align\":\"middle\",\"width\":\"default\"},\"children\":[{\"type\":\"row\",\"children\":[{\"type\":\"column\",\"props\":{\"image_position\":\"center-center\",\"position_sticky_breakpoint\":\"m\"},\"children\":[{\"name\":\"Grid Masonry\",\"type\":\"grid\",\"children\":[{\"type\":\"grid_item\",\"props\":{\"content\":\"\n\n<p><span>De la tierra a tu mesa, un viaje de calidad y pasi\\u00f3n.<\\\/span><\\\/p>\",\"image\":\"wp-content\\\/uploads\\\/2024\\\/03\\\/barattolo.jpg\",\"meta\":\"\",\"title\":\"ARTESANAL\"}},{\"type\":\"grid_item\",\"props\":{\"content\":\"\n\n<p>Nuestra pasi\\u00f3n nace del profundo respeto por el suelo que nutre cada uno de nuestros productos.<\\\/p>\",\"image\":\"wp-content\\\/uploads\\\/2024\\\/03\\\/mani.jpg\",\"meta\":\"\",\"title\":\"CUSTODIOS DE LA TIERRA\"}},{\"type\":\"grid_item\",\"props\":{\"content\":\"\n\n<p><span>Donde la tradici\\u00f3n y la naturaleza se entrelazan para crear sabores \\u00fanicos.<\\\/span><\\\/p>\",\"image\":\"wp-content\\\/uploads\\\/2024\\\/03\\\/olive.jpg\",\"meta\":\"\",\"title\":\"RA\\u00cdCES DE TRADICI\\u00d3N\"}}],\"props\":{\"content_column_breakpoint\":\"m\",\"filter_align\":\"left\",\"filter_all\":true,\"filter_grid_breakpoint\":\"m\",\"filter_grid_width\":\"auto\",\"filter_position\":\"top\",\"filter_style\":\"tab\",\"grid_column_gap\":\"large\",\"grid_default\":\"1\",\"grid_masonry\":\"next\",\"grid_medium\":\"3\",\"grid_small\":\"2\",\"icon_width\":80,\"image_align\":\"top\",\"image_grid_breakpoint\":\"m\",\"image_grid_width\":\"1-2\",\"image_svg_color\":\"emphasis\",\"image_transition\":\"scale-up\",\"image_width\":\"610\",\"item_animation\":true,\"link_margin\":\"medium\",\"link_style\":\"text\",\"link_text\":\"Read More\",\"margin\":\"default\",\"meta_align\":\"above-title\",\"meta_element\":\"div\",\"meta_style\":\"text-meta\",\"panel_link\":false,\"parallax_easing\":\"1\",\"show_content\":true,\"show_image\":true,\"show_link\":true,\"show_meta\":true,\"show_title\":true,\"text_align\":\"center\",\"title_align\":\"top\",\"title_element\":\"h3\",\"title_grid_breakpoint\":\"m\",\"title_grid_width\":\"1-2\",\"title_hover_style\":\"reset\",\"title_margin\":\"small\"}}]}]}]},{\"type\":\"section\",\"props\":{\"html_element\":\"article\",\"image_position\":\"center-center\",\"padding_remove_bottom\":false,\"padding_remove_top\":false,\"style\":\"muted\",\"title_breakpoint\":\"xl\",\"title_position\":\"top-left\",\"title_rotation\":\"left\",\"vertical_align\":\"middle\",\"width\":\"xlarge\"},\"children\":[{\"type\":\"row\",\"props\":{\"margin\":\"remove-vertical\"},\"children\":[{\"type\":\"column\",\"props\":{\"image_position\":\"center-center\",\"position_sticky_breakpoint\":\"m\"}}]},{\"type\":\"row\",\"props\":{\"column_gap\":\"medium\",\"layout\":\"2-3,1-3\",\"margin_remove_top\":true,\"row_gap\":\"large\"},\"children\":[{\"type\":\"column\",\"props\":{\"image_position\":\"center-center\",\"position_sticky_breakpoint\":\"m\",\"vertical_align\":\"middle\",\"width_medium\":\"2-3\"},\"children\":[{\"type\":\"slideshow\",\"props\":{\"link_style\":\"default\",\"link_text\":\"Read more\",\"margin\":\"default\",\"meta_align\":\"below-title\",\"meta_element\":\"div\",\"meta_style\":\"text-meta\",\"nav\":\"dotnav\",\"nav_align\":\"center\",\"nav_below\":true,\"nav_breakpoint\":\"s\",\"nav_position\":\"bottom-center\",\"nav_position_margin\":\"medium\",\"overlay_animation\":\"parallax\",\"overlay_position\":\"center-left\",\"show_content\":false,\"show_link\":true,\"show_meta\":false,\"show_thumbnail\":true,\"show_title\":false,\"slidenav\":\"default\",\"slidenav_breakpoint\":\"s\",\"slidenav_margin\":\"medium\",\"slidenav_outside_breakpoint\":\"xl\",\"slideshow_animation\":\"scale\",\"slideshow_autoplay\":true,\"slideshow_autoplay_interval\":\"5\",\"slideshow_autoplay_pause\":true,\"slideshow_kenburns\":\"center-right\",\"slideshow_min_height\":300,\"slideshow_parallax\":false,\"thumbnav_height\":\"75\",\"thumbnav_svg_color\":\"emphasis\",\"thumbnav_width\":\"100\",\"title_element\":\"h3\"},\"children\":[{\"type\":\"slideshow_item\",\"props\":{\"image\":\"wp-content\\\/uploads\\\/2024\\\/02\\\/DSC5026.jpg\",\"title\":\"_DSC5026\"}},{\"type\":\"slideshow_item\",\"props\":{\"image\":\"wp-content\\\/uploads\\\/2024\\\/02\\\/DSC4894.jpg\",\"title\":\"_DSC4894\"}},{\"type\":\"slideshow_item\",\"props\":{\"image\":\"wp-content\\\/uploads\\\/2024\\\/02\\\/DSC4924.jpg\",\"title\":\"_DSC4924\"}},{\"type\":\"slideshow_item\",\"props\":{\"image\":\"wp-content\\\/uploads\\\/2024\\\/02\\\/DSC4948.jpg\",\"title\":\"_DSC4948\"}},{\"type\":\"slideshow_item\",\"props\":{\"image\":\"wp-content\\\/uploads\\\/2024\\\/02\\\/DSC4979.jpg\",\"title\":\"_DSC4979\"}},{\"type\":\"slideshow_item\",\"props\":{\"image\":\"wp-content\\\/uploads\\\/2024\\\/02\\\/DSC5006.jpg\",\"title\":\"_DSC5006\"}},{\"type\":\"slideshow_item\",\"props\":{\"image\":\"wp-content\\\/uploads\\\/2024\\\/02\\\/DSC5017.jpg\",\"title\":\"_DSC5017\"}},{\"type\":\"slideshow_item\",\"props\":{\"image\":\"wp-content\\\/uploads\\\/2024\\\/02\\\/DSC5074.jpg\",\"title\":\"_DSC5074\"}}]}]},{\"type\":\"column\",\"props\":{\"image_position\":\"center-center\",\"order_first\":\"m\",\"position_sticky_breakpoint\":\"m\",\"vertical_align\":\"middle\",\"width_medium\":\"1-3\"},\"children\":[{\"type\":\"panel\",\"props\":{\"block_align_breakpoint\":\"m\",\"block_align_fallback\":\"center\",\"content\":\"\n\n<p>En el coraz\\u00f3n de nuestra producci\\u00f3n, las \\\"Conserve del Conte\\\" representan un puente entre el pasado y el presente, un viaje al redescubrimiento de los sabores aut\\u00e9nticos que han caracterizado las mesas de generaciones anteriores. Nuestras conservas son el fruto de una selecci\\u00f3n cuidadosa de ingredientes locales, cultivados con pasi\\u00f3n y dedicaci\\u00f3n, transformados siguiendo m\\u00e9todos artesanales transmitidos a lo largo del tiempo. Cada tarro es una c\\u00e1psula del tiempo que encierra historias, tradiciones y la riqueza del territorio.<\\\/p>\",\"content_column_breakpoint\":\"m\",\"content_margin\":\"medium\",\"icon_width\":80,\"image_align\":\"top\",\"image_grid_breakpoint\":\"m\",\"image_grid_width\":\"1-2\",\"image_svg_color\":\"emphasis\",\"link\":\"es\\\/productos\\\/\",\"link_margin\":\"medium\",\"link_style\":\"secondary\",\"link_text\":\"DESCUBRE PRODUCTOS\",\"margin\":\"default\",\"maxwidth\":\"large\",\"meta\":\"\",\"meta_align\":\"below-title\",\"meta_element\":\"div\",\"meta_style\":\"text-meta\",\"text_align\":\"center\",\"text_align_breakpoint\":\"m\",\"text_align_fallback\":\"center\",\"title\":\"UN VIAJE ENTRE LOS SABORES\",\"title_align\":\"top\",\"title_element\":\"h3\",\"title_grid_breakpoint\":\"m\",\"title_grid_width\":\"1-2\",\"title_hover_style\":\"reset\"}}]}]}],\"name\":\"Latest Post\"},{\"type\":\"section\",\"props\":{\"css\":\".el-section > [class*='uk-background-'] { min-height: 50vh; }\",\"image\":\"wp-content\\\/uploads\\\/2024\\\/03\\\/land2.jpg\",\"image_height\":700,\"image_position\":\"center-center\",\"image_size\":\"cover\",\"image_width\":1200,\"padding\":\"xlarge\",\"style\":\"default\",\"title_breakpoint\":\"xl\",\"title_position\":\"top-left\",\"title_rotation\":\"left\",\"vertical_align\":\"middle\",\"width\":\"default\"},\"children\":[{\"type\":\"row\",\"children\":[{\"type\":\"column\",\"props\":{\"image_position\":\"center-center\",\"position_sticky_breakpoint\":\"m\",\"width_medium\":\"1-1\"},\"children\":[{\"name\":\"Panel Image Right\",\"type\":\"panel\",\"props\":{\"block_align\":\"center\",\"content\":\"\n\n<p><span>Sum\\u00e9rgete en un viaje culinario sin precedentes con nuestra exclusiva selecci\\u00f3n de conservas tradicionales de M\\u00f3dica. Desde tomates secos hasta aceitunas condimentadas, desde giardiniera hasta berenjenas en aceite, hasta el rico capuliato de tomate, cada producto cuenta una historia \\u00fanica de sabor y tradici\\u00f3n. D\\u00e9jate guiar por la pasi\\u00f3n por la buena comida y descubre los tesoros ocultos de nuestra tierra, seleccionados cuidadosamente para enriquecer cada una de tus comidas con un toque de tradici\\u00f3n y sabor.<\\\/span><\\\/p>\",\"content_column_breakpoint\":\"m\",\"content_margin\":\"small\",\"icon_width\":80,\"image\":\"wp-content\\\/uploads\\\/2024\\\/03\\\/DSC4849-scaled.jpg\",\"image_align\":\"right\",\"image_grid_breakpoint\":\"s\",\"image_grid_width\":\"2-5\",\"image_height\":\"1280\",\"image_svg_color\":\"emphasis\",\"image_vertical_align\":true,\"image_width\":\"960\",\"link\":\"es\\\/productos\\\/\",\"link_margin\":\"medium\",\"link_style\":\"primary\",\"link_text\":\"EXPLORA LA TRADICI\\u00d3N\",\"margin\":\"default\",\"meta\":\"\",\"meta_align\":\"above-title\",\"meta_element\":\"div\",\"meta_margin\":\"small\",\"meta_style\":\"text-meta\",\"panel_image_no_padding\":true,\"panel_padding\":\"default\",\"panel_style\":\"card-default\",\"text_align\":\"center\",\"title\":\"EXPLORA LOS SABORES DE LA TRADICI\\u00d3N\",\"title_align\":\"top\",\"title_element\":\"h3\",\"title_grid_breakpoint\":\"m\",\"title_grid_width\":\"1-2\",\"title_hover_style\":\"reset\",\"title_margin\":\"small\"}}]}]}],\"name\":\"Image\"}],\"version\":\"4.3.5\"} --><\/p>\n","protected":false},"excerpt":{"rendered":"<p>TRADICI\u00d3N AUTENTICIDAD CALIDAD DESCUBRE EL SABOR DE LA TRADICI\u00d3N: SUM\u00c9RGETE EN LA AUTENTICIDAD Y LA ARTESANALIDAD DE NUESTRAS CONSERVAS. ARTESANAL De la tierra a tu mesa, un viaje de calidad y pasi\u00f3n. CUSTODIOS DE LA TIERRA Nuestra pasi\u00f3n nace del profundo respeto por el suelo que nutre cada uno de nuestros productos. RA\u00cdCES DE TRADICI\u00d3N [&hellip;]<\/p>\n","protected":false},"author":75,"featured_media":0,"parent":0,"menu_order":0,"comment_status":"closed","ping_status":"closed","template":"","meta":{"_acf_changed":false,"footnotes":""},"class_list":["post-6795","page","type-page","status-publish","hentry"],"acf":[],"_links":{"self":[{"href":"https:\/\/conservedelconte.com\/es\/wp-json\/wp\/v2\/pages\/6795","targetHints":{"allow":["GET"]}}],"collection":[{"href":"https:\/\/conservedelconte.com\/es\/wp-json\/wp\/v2\/pages"}],"about":[{"href":"https:\/\/conservedelconte.com\/es\/wp-json\/wp\/v2\/types\/page"}],"author":[{"embeddable":true,"href":"https:\/\/conservedelconte.com\/es\/wp-json\/wp\/v2\/users\/75"}],"replies":[{"embeddable":true,"href":"https:\/\/conservedelconte.com\/es\/wp-json\/wp\/v2\/comments?post=6795"}],"version-history":[{"count":6,"href":"https:\/\/conservedelconte.com\/es\/wp-json\/wp\/v2\/pages\/6795\/revisions"}],"predecessor-version":[{"id":6851,"href":"https:\/\/conservedelconte.com\/es\/wp-json\/wp\/v2\/pages\/6795\/revisions\/6851"}],"wp:attachment":[{"href":"https:\/\/conservedelconte.com\/es\/wp-json\/wp\/v2\/media?parent=6795"}],"curies":[{"name":"wp","href":"https:\/\/api.w.org\/{rel}","templated":true}]}}