{"id":6785,"date":"2024-02-29T13:16:27","date_gmt":"2024-02-29T12:16:27","guid":{"rendered":"https:\/\/conservedelconte.com\/quienes-somos\/"},"modified":"2024-04-24T21:20:54","modified_gmt":"2024-04-24T19:20:54","slug":"quienes-somos","status":"publish","type":"page","link":"https:\/\/conservedelconte.com\/es\/quienes-somos\/","title":{"rendered":"Qui\u00e9nes somos"},"content":{"rendered":"<h2><strong>NUESTRO MUNDO: PASI\u00d3N, TRADICI\u00d3N, AUTENTICIDAD<\/strong><\/h2>\n<div>Bienvenidos al coraz\u00f3n palpitante de la tradici\u00f3n culinaria, donde el sabor se encuentra con la historia en cada tarro, en cada rebanada, en cada bocado. &#8220;Conserve del Conte&#8221; es m\u00e1s que un simple nombre, es una promesa de calidad, autenticidad y pasi\u00f3n por los productos que son el orgullo de nuestra tierra. Nacidos del amor por nuestra cultura y guiados por la voluntad de preservar los m\u00e9todos tradicionales de conservaci\u00f3n, ofrecemos una gama de productos que son la esencia misma de nuestro territorio y de sus ricas tradiciones culinarias<\/div>\n<p><img decoding=\"async\" src=\"\/wp-content\/uploads\/2024\/03\/DSC5042.jpg\" alt=\"\"><\/p>\n<ul>\n<li>\n<p><img decoding=\"async\" src=\"\/wp-content\/uploads\/2024\/03\/DSC4906.jpg\" alt=\"\"><\/p>\n<\/li>\n<li>\n<p><img decoding=\"async\" src=\"\/wp-content\/uploads\/2024\/03\/DSC5042.jpg\" alt=\"\"><\/p>\n<\/li>\n<\/ul>\n<p><img decoding=\"async\" src=\"\/wp-content\/uploads\/2024\/03\/DSC4906.jpg\" alt=\"\"><\/p>\n<h2><strong>ARTESAN\u00cdA Y TRADICI\u00d3N: EL ALMA DE NUESTRAS CONSERVAS<\/strong><\/h2>\n<div>Creemos firmemente en el valor de la artesan\u00eda y en la preservaci\u00f3n de las t\u00e9cnicas tradicionales. Cada producto que sale de nuestro laboratorio es el resultado de un cuidadoso trabajo manual, de un profundo conocimiento de las materias primas y de un compromiso constante para mantener vivos los sabores aut\u00e9nticos de nuestra tierra. Nuestra misi\u00f3n es llevar a su mesa no solo comida, sino historias, tradiciones, y un pedazo de Sicilia que siempre les recuerde la riqueza y la generosidad de esta tierra.<\/p>\n<\/div>\n<div>\n<h3>UN VIAJE EN LOS SABORES AUT\u00c9NTICOS: \u00daNETE A NUESTRA AVENTURA<\/h3>\n<div>Nuestros productos son una invitaci\u00f3n a redescubrir la belleza de la simplicidad, la fuerza de las tradiciones y el calor de una comunidad que ha hecho de su cocina un verdadero patrimonio cultural que debe ser custodiado y celebrado. Les invitamos a ser parte de esta maravillosa aventura, a compartir con nosotros el viaje por la historia y los sabores de Sicilia.<\/div>\n<\/div>\n<p><!--more--><br \/>\n<!-- {\"type\":\"layout\",\"children\":[{\"type\":\"section\",\"props\":{\"css\":\"@media (min-width: 960px) {\\n .el-section> div  {\\n        padding-top: 350px;\\n        padding-bottom: 350px;\\n    }\\n}\",\"image\":\"wp-content\\\/uploads\\\/2024\\\/03\\\/land.jpg\",\"image_loading\":true,\"image_position\":\"center-center\",\"image_size\":\"cover\",\"image_width\":\"1840\",\"padding\":\"xlarge\",\"style\":\"default\",\"title_breakpoint\":\"xl\",\"title_position\":\"top-left\",\"title_rotation\":\"left\",\"vertical_align\":\"middle\",\"width\":\"default\"},\"children\":[{\"type\":\"row\",\"children\":[{\"type\":\"column\",\"props\":{\"image_position\":\"center-center\",\"position_sticky_breakpoint\":\"m\",\"width_medium\":\"1-1\"}}]}],\"name\":\"Hero\"},{\"type\":\"section\",\"props\":{\"image_position\":\"center-center\",\"padding\":\"large\",\"style\":\"default\",\"title_breakpoint\":\"xl\",\"title_position\":\"top-left\",\"title_rotation\":\"left\",\"vertical_align\":\"middle\",\"width\":\"default\"},\"children\":[{\"type\":\"row\",\"props\":{\"column_gap\":\"large\",\"divider\":false,\"layout\":\"2-3,1-3\",\"row_gap\":\"large\"},\"children\":[{\"type\":\"column\",\"props\":{\"image_position\":\"center-center\",\"position_sticky_breakpoint\":\"m\",\"width_medium\":\"2-3\"},\"children\":[{\"type\":\"headline\",\"props\":{\"content\":\"\",\"margin\":\"small\",\"text_align\":\"left\",\"text_align_breakpoint\":\"m\",\"text_align_fallback\":\"center\",\"title_color\":\"muted\",\"title_element\":\"h1\",\"title_style\":\"h6\"}},{\"type\":\"headline\",\"props\":{\"block_align_breakpoint\":\"m\",\"block_align_fallback\":\"center\",\"content\":\"<strong>NUESTRO MUNDO: PASI\\u00d3N, TRADICI\\u00d3N, AUTENTICIDAD<\\\/strong>\",\"margin\":\"medium\",\"margin_remove_top\":true,\"maxwidth\":\"xlarge\",\"text_align\":\"left\",\"text_align_breakpoint\":\"m\",\"text_align_fallback\":\"center\",\"title_element\":\"h2\"}},{\"type\":\"text\",\"props\":{\"block_align_breakpoint\":\"m\",\"block_align_fallback\":\"center\",\"column_breakpoint\":\"m\",\"content\":\"Bienvenidos al coraz\\u00f3n palpitante de la tradici\\u00f3n culinaria, donde el sabor se encuentra con la historia en cada tarro, en cada rebanada, en cada bocado. \\\"Conserve del Conte\\\" es m\\u00e1s que un simple nombre, es una promesa de calidad, autenticidad y pasi\\u00f3n por los productos que son el orgullo de nuestra tierra. Nacidos del amor por nuestra cultura y guiados por la voluntad de preservar los m\\u00e9todos tradicionales de conservaci\\u00f3n, ofrecemos una gama de productos que son la esencia misma de nuestro territorio y de sus ricas tradiciones culinarias\",\"margin\":\"xlarge\",\"margin_remove_top\":true,\"maxwidth\":\"2xlarge\",\"maxwidth_breakpoint\":\"m\",\"text_align\":\"left\"}},{\"type\":\"image\",\"props\":{\"image\":\"wp-content\\\/uploads\\\/2024\\\/03\\\/DSC5042.jpg\",\"image_svg_color\":\"emphasis\",\"image_width\":\"760\",\"margin\":\"default\",\"visibility\":\"m\"}},{\"type\":\"grid\",\"props\":{\"content_column_breakpoint\":\"m\",\"filter_align\":\"left\",\"filter_all\":true,\"filter_grid_breakpoint\":\"m\",\"filter_grid_width\":\"auto\",\"filter_position\":\"top\",\"filter_style\":\"tab\",\"grid_column_gap\":\"small\",\"grid_default\":\"1\",\"grid_medium\":\"\",\"grid_row_gap\":\"small\",\"grid_small\":\"2\",\"icon_width\":80,\"image_align\":\"top\",\"image_grid_breakpoint\":\"m\",\"image_grid_width\":\"1-2\",\"image_height\":\"795\",\"image_loading\":true,\"image_svg_color\":\"emphasis\",\"image_width\":\"610\",\"item_animation\":true,\"link_style\":\"default\",\"link_text\":\"Read more\",\"margin\":\"default\",\"meta_align\":\"below-title\",\"meta_element\":\"div\",\"meta_style\":\"text-meta\",\"parallax_easing\":\"1\",\"show_content\":true,\"show_image\":true,\"show_link\":true,\"show_meta\":true,\"show_title\":false,\"title_align\":\"top\",\"title_element\":\"h3\",\"title_grid_breakpoint\":\"m\",\"title_grid_width\":\"1-2\",\"title_hover_style\":\"reset\",\"visibility\":\"hidden-m\"},\"children\":[{\"type\":\"grid_item\",\"props\":{\"image\":\"wp-content\\\/uploads\\\/2024\\\/03\\\/DSC4906.jpg\",\"title\":\"\"}},{\"type\":\"grid_item\",\"props\":{\"image\":\"wp-content\\\/uploads\\\/2024\\\/03\\\/DSC5042.jpg\",\"title\":\"\"}}]}]},{\"type\":\"column\",\"props\":{\"image_position\":\"center-center\",\"position_sticky_breakpoint\":\"m\",\"width_medium\":\"1-3\"},\"children\":[{\"type\":\"image\",\"props\":{\"image\":\"wp-content\\\/uploads\\\/2024\\\/03\\\/DSC4906.jpg\",\"image_loading\":true,\"image_svg_color\":\"emphasis\",\"image_width\":\"610\",\"margin\":\"xlarge\",\"margin_remove_top\":false,\"visibility\":\"m\"}},{\"type\":\"headline\",\"props\":{\"content\":\"<strong>ARTESAN\\u00cdA Y TRADICI\\u00d3N: EL ALMA DE NUESTRAS CONSERVAS<\\\/strong>\",\"margin_remove_bottom\":false,\"text_align\":\"left\",\"text_align_breakpoint\":\"m\",\"text_align_fallback\":\"center\",\"title_element\":\"h2\",\"title_style\":\"h4\"}},{\"type\":\"text\",\"props\":{\"column_breakpoint\":\"m\",\"content\":\"Creemos firmemente en el valor de la artesan\\u00eda y en la preservaci\\u00f3n de las t\\u00e9cnicas tradicionales. Cada producto que sale de nuestro laboratorio es el resultado de un cuidadoso trabajo manual, de un profundo conocimiento de las materias primas y de un compromiso constante para mantener vivos los sabores aut\\u00e9nticos de nuestra tierra. Nuestra misi\\u00f3n es llevar a su mesa no solo comida, sino historias, tradiciones, y un pedazo de Sicilia que siempre les recuerde la riqueza y la generosidad de esta tierra.\\n\\n\",\"margin\":\"default\"}}]}]}],\"name\":\"About\"},{\"type\":\"section\",\"props\":{\"image_position\":\"center-center\",\"padding\":\"large\",\"padding_remove_top\":true,\"style\":\"default\",\"text_color\":\"light\",\"title_breakpoint\":\"xl\",\"title_position\":\"top-left\",\"title_rotation\":\"left\",\"vertical_align\":\"middle\",\"width\":\"\"},\"children\":[{\"type\":\"row\",\"props\":{\"margin\":\"xlarge\"},\"children\":[{\"type\":\"column\",\"props\":{\"image\":\"wp-content\\\/uploads\\\/2024\\\/03\\\/DSC0647.jpg\",\"image_position\":\"center-center\",\"image_size\":\"cover\",\"image_width\":\"1840\",\"padding\":\"xlarge\",\"position_sticky_breakpoint\":\"m\",\"text_color\":\"light\",\"width_medium\":\"1-1\"},\"children\":[{\"name\":\"Panel Style None\",\"type\":\"panel\",\"props\":{\"block_align\":\"center\",\"content\":\"Nuestros productos son una invitaci\\u00f3n a redescubrir la belleza de la simplicidad, la fuerza de las tradiciones y el calor de una comunidad que ha hecho de su cocina un verdadero patrimonio cultural que debe ser custodiado y celebrado. Les invitamos a ser parte de esta maravillosa aventura, a compartir con nosotros el viaje por la historia y los sabores de Sicilia.\",\"content_column_breakpoint\":\"m\",\"content_margin\":\"small\",\"icon_width\":80,\"image\":\"\",\"image_align\":\"top\",\"image_grid_breakpoint\":\"m\",\"image_grid_width\":\"1-2\",\"image_height\":\"50\",\"image_svg_color\":\"primary\",\"image_svg_inline\":true,\"image_width\":\"50\",\"link_style\":\"default\",\"link_text\":\"Read more\",\"margin\":\"default\",\"maxwidth\":\"xlarge\",\"meta\":\"\",\"meta_align\":\"above-title\",\"meta_element\":\"div\",\"meta_style\":\"text-meta\",\"panel_card_image\":false,\"panel_padding\":\"default\",\"panel_style\":\"card-default\",\"text_align\":\"center\",\"title\":\"UN VIAJE EN LOS SABORES AUT\\u00c9NTICOS: \\u00daNETE A NUESTRA AVENTURA\",\"title_align\":\"top\",\"title_element\":\"h3\",\"title_grid_breakpoint\":\"m\",\"title_grid_width\":\"1-2\",\"title_hover_style\":\"reset\"}}]}]}],\"name\":\"Workshop\"}],\"version\":\"4.3.5\"} --><\/p>\n","protected":false},"excerpt":{"rendered":"<p>NUESTRO MUNDO: PASI\u00d3N, TRADICI\u00d3N, AUTENTICIDAD Bienvenidos al coraz\u00f3n palpitante de la tradici\u00f3n culinaria, donde el sabor se encuentra con la historia en cada tarro, en cada rebanada, en cada bocado. &#8220;Conserve del Conte&#8221; es m\u00e1s que un simple nombre, es una promesa de calidad, autenticidad y pasi\u00f3n por los productos que son el orgullo de [&hellip;]<\/p>\n","protected":false},"author":75,"featured_media":0,"parent":0,"menu_order":0,"comment_status":"closed","ping_status":"closed","template":"","meta":{"_acf_changed":false,"footnotes":""},"class_list":["post-6785","page","type-page","status-publish","hentry"],"acf":[],"_links":{"self":[{"href":"https:\/\/conservedelconte.com\/es\/wp-json\/wp\/v2\/pages\/6785","targetHints":{"allow":["GET"]}}],"collection":[{"href":"https:\/\/conservedelconte.com\/es\/wp-json\/wp\/v2\/pages"}],"about":[{"href":"https:\/\/conservedelconte.com\/es\/wp-json\/wp\/v2\/types\/page"}],"author":[{"embeddable":true,"href":"https:\/\/conservedelconte.com\/es\/wp-json\/wp\/v2\/users\/75"}],"replies":[{"embeddable":true,"href":"https:\/\/conservedelconte.com\/es\/wp-json\/wp\/v2\/comments?post=6785"}],"version-history":[{"count":4,"href":"https:\/\/conservedelconte.com\/es\/wp-json\/wp\/v2\/pages\/6785\/revisions"}],"predecessor-version":[{"id":6855,"href":"https:\/\/conservedelconte.com\/es\/wp-json\/wp\/v2\/pages\/6785\/revisions\/6855"}],"wp:attachment":[{"href":"https:\/\/conservedelconte.com\/es\/wp-json\/wp\/v2\/media?parent=6785"}],"curies":[{"name":"wp","href":"https:\/\/api.w.org\/{rel}","templated":true}]}}