{"id":6771,"date":"2024-03-19T13:41:22","date_gmt":"2024-03-19T12:41:22","guid":{"rendered":"https:\/\/conservedelconte.com\/prodotto\/getrocknete-tomaten\/"},"modified":"2024-03-19T13:41:22","modified_gmt":"2024-03-19T12:41:22","slug":"getrocknete-tomaten","status":"publish","type":"product","link":"https:\/\/conservedelconte.com\/de\/prodotto\/getrocknete-tomaten\/","title":{"rendered":"Getrocknete Tomaten"},"content":{"rendered":"<p>Unsere getrockneten Tomaten sind rote Knospen, die unter der hei\u00dfen Sonne getrocknet wurden und die pulsierende Essenz des Sommers verk\u00f6rpern. Diese sorgf\u00e4ltig aus den besten Ernten ausgew\u00e4hlten Tomaten werden langsam dehydriert, um ihren s\u00fc\u00dfen und intensiven Geschmack zu bewahren. Unsere sonnengetrockneten Tomaten sind ideal, um Salate zu bereichern, Vorspeisen zu perfektionieren oder als Basis f\u00fcr Saucen und Dressings zu dienen. Sie laden dazu ein, den authentischen, traditionsreichen Geschmack einer vielseitigen Zutat wiederzuentdecken, die jedes Gericht zu einem kulinarischen Kunstwerk macht.<\/p>\n","protected":false},"excerpt":{"rendered":"<p>Unsere getrockneten Tomaten sind rote Knospen, die unter der hei\u00dfen Sonne getrocknet wurden und die pulsierende Essenz des Sommers verk\u00f6rpern. Diese sorgf\u00e4ltig aus den besten Ernten ausgew\u00e4hlten Tomaten werden langsam dehydriert, um ihren s\u00fc\u00dfen und intensiven Geschmack zu bewahren. Unsere sonnengetrockneten Tomaten sind ideal, um Salate zu bereichern, Vorspeisen zu perfektionieren oder als Basis f\u00fcr [&hellip;]<\/p>\n","protected":false},"featured_media":7135,"template":"","meta":{"_acf_changed":false},"product_brand":[],"product_cat":[67],"product_tag":[],"class_list":{"0":"post-6771","1":"product","2":"type-product","3":"status-publish","4":"has-post-thumbnail","6":"product_cat-konserven","8":"first","9":"instock","10":"shipping-taxable","11":"purchasable","12":"product-type-simple"},"acf":[],"_links":{"self":[{"href":"https:\/\/conservedelconte.com\/de\/wp-json\/wp\/v2\/product\/6771","targetHints":{"allow":["GET"]}}],"collection":[{"href":"https:\/\/conservedelconte.com\/de\/wp-json\/wp\/v2\/product"}],"about":[{"href":"https:\/\/conservedelconte.com\/de\/wp-json\/wp\/v2\/types\/product"}],"wp:featuredmedia":[{"embeddable":true,"href":"https:\/\/conservedelconte.com\/de\/wp-json\/wp\/v2\/media\/7135"}],"wp:attachment":[{"href":"https:\/\/conservedelconte.com\/de\/wp-json\/wp\/v2\/media?parent=6771"}],"wp:term":[{"taxonomy":"product_brand","embeddable":true,"href":"https:\/\/conservedelconte.com\/de\/wp-json\/wp\/v2\/product_brand?post=6771"},{"taxonomy":"product_cat","embeddable":true,"href":"https:\/\/conservedelconte.com\/de\/wp-json\/wp\/v2\/product_cat?post=6771"},{"taxonomy":"product_tag","embeddable":true,"href":"https:\/\/conservedelconte.com\/de\/wp-json\/wp\/v2\/product_tag?post=6771"}],"curies":[{"name":"wp","href":"https:\/\/api.w.org\/{rel}","templated":true}]}}