{"id":6760,"date":"2024-03-19T13:40:08","date_gmt":"2024-03-19T12:40:08","guid":{"rendered":"https:\/\/conservedelconte.com\/prodotto\/oliven-in-salzlake\/"},"modified":"2024-03-19T13:40:08","modified_gmt":"2024-03-19T12:40:08","slug":"oliven-in-salzlake","status":"publish","type":"product","link":"https:\/\/conservedelconte.com\/de\/prodotto\/oliven-in-salzlake\/","title":{"rendered":"Oliven in Salzlake"},"content":{"rendered":"<p>Unsere gr\u00fcnen Oliven in Salzlake sind eine Delikatesse, die den ganzen Geschmack und die Frische der mediterranen kulinarischen Tradition verk\u00f6rpert. Diese gr\u00fcnen Oliven, die sorgf\u00e4ltig aus den besten Ernten ausgew\u00e4hlt werden, werden im richtigen Reifegrad von Hand geerntet und anschlie\u00dfend in eine ausgewogene Salzlake eingelegt, die ihren nat\u00fcrlich lebendigen und leicht bitteren Geschmack hervorhebt. Die fachm\u00e4nnisch zubereitete Salzlake aus Wasser, Salz und einer Mischung ausgew\u00e4hlter Kr\u00e4uter verleiht den Oliven eine einzigartige Knackigkeit und ein unverwechselbares Aroma und macht sie zur idealen Erg\u00e4nzung f\u00fcr eine Vielzahl von Gerichten.<\/p>\n","protected":false},"excerpt":{"rendered":"<p>Unsere gr\u00fcnen Oliven in Salzlake sind eine Delikatesse, die den ganzen Geschmack und die Frische der mediterranen kulinarischen Tradition verk\u00f6rpert. Diese gr\u00fcnen Oliven, die sorgf\u00e4ltig aus den besten Ernten ausgew\u00e4hlt werden, werden im richtigen Reifegrad von Hand geerntet und anschlie\u00dfend in eine ausgewogene Salzlake eingelegt, die ihren nat\u00fcrlich lebendigen und leicht bitteren Geschmack hervorhebt. Die [&hellip;]<\/p>\n","protected":false},"featured_media":6674,"template":"","meta":{"_acf_changed":false},"product_brand":[],"product_cat":[67],"product_tag":[],"class_list":{"0":"post-6760","1":"product","2":"type-product","3":"status-publish","4":"has-post-thumbnail","6":"product_cat-konserven","8":"first","9":"instock","10":"shipping-taxable","11":"purchasable","12":"product-type-simple"},"acf":[],"_links":{"self":[{"href":"https:\/\/conservedelconte.com\/de\/wp-json\/wp\/v2\/product\/6760","targetHints":{"allow":["GET"]}}],"collection":[{"href":"https:\/\/conservedelconte.com\/de\/wp-json\/wp\/v2\/product"}],"about":[{"href":"https:\/\/conservedelconte.com\/de\/wp-json\/wp\/v2\/types\/product"}],"wp:featuredmedia":[{"embeddable":true,"href":"https:\/\/conservedelconte.com\/de\/wp-json\/wp\/v2\/media\/6674"}],"wp:attachment":[{"href":"https:\/\/conservedelconte.com\/de\/wp-json\/wp\/v2\/media?parent=6760"}],"wp:term":[{"taxonomy":"product_brand","embeddable":true,"href":"https:\/\/conservedelconte.com\/de\/wp-json\/wp\/v2\/product_brand?post=6760"},{"taxonomy":"product_cat","embeddable":true,"href":"https:\/\/conservedelconte.com\/de\/wp-json\/wp\/v2\/product_cat?post=6760"},{"taxonomy":"product_tag","embeddable":true,"href":"https:\/\/conservedelconte.com\/de\/wp-json\/wp\/v2\/product_tag?post=6760"}],"curies":[{"name":"wp","href":"https:\/\/api.w.org\/{rel}","templated":true}]}}