{"id":6791,"date":"2024-02-29T13:16:27","date_gmt":"2024-02-29T12:16:27","guid":{"rendered":"https:\/\/conservedelconte.com\/ueber-uns\/"},"modified":"2024-04-24T22:25:04","modified_gmt":"2024-04-24T20:25:04","slug":"ueber-uns","status":"publish","type":"page","link":"https:\/\/conservedelconte.com\/de\/ueber-uns\/","title":{"rendered":"\u00dcber uns"},"content":{"rendered":"<h2><strong>UNSERE WELT: LEIDENSCHAFT, TRADITION, AUTHENTIZIT\u00c4T<\/strong><\/h2>\n<div>Willkommen im pulsierenden Herzen der kulinarischen Tradition, wo Geschmack auf Geschichte in jedem Glas, jeder Scheibe und jedem Bissen trifft. \u201eConserve del Conte\u201c ist mehr als nur ein Name, es ist ein Versprechen von Qualit\u00e4t, Authentizit\u00e4t und Leidenschaft f\u00fcr die Produkte, die der Stolz unseres Landes sind. Geboren aus der Liebe zu unserer Kultur und geleitet vom Willen, traditionelle Konservierungsmethoden zu bewahren, bieten wir eine Palette von Produkten an, die das Wesen unseres Territoriums und seiner reichen kulinarischen Traditionen sind.<\/div>\n<p><img decoding=\"async\" src=\"\/wp-content\/uploads\/2024\/03\/DSC5042.jpg\" alt=\"\"><\/p>\n<ul>\n<li>\n<p><img decoding=\"async\" src=\"\/wp-content\/uploads\/2024\/03\/DSC4906.jpg\" alt=\"\"><\/p>\n<\/li>\n<li>\n<p><img decoding=\"async\" src=\"\/wp-content\/uploads\/2024\/03\/DSC5042.jpg\" alt=\"\"><\/p>\n<\/li>\n<\/ul>\n<p><img decoding=\"async\" src=\"\/wp-content\/uploads\/2024\/03\/DSC4906.jpg\" alt=\"\"><\/p>\n<h2><strong>HANDWERKSKUNST UND TRADITION: DIE SEELE UNSERER KONSERVEN<\/strong><\/h2>\n<div>Wir glauben fest an den Wert der Handwerkskunst und die Bewahrung traditioneller Techniken. Jedes Produkt, das unser Labor verl\u00e4sst, ist das Ergebnis sorgf\u00e4ltiger Handarbeit, tiefgehender Kenntnisse der Rohstoffe und eines st\u00e4ndigen Engagements, die authentischen Geschm\u00e4cker unserer Erde lebendig zu halten. Unsere Mission ist es, nicht nur Nahrung auf Ihren Tisch zu bringen, sondern auch Geschichten, Traditionen und ein St\u00fcck Sizilien, das Sie stets an den Reichtum und die Gro\u00dfz\u00fcgigkeit dieser Erde erinnert.<\/div>\n<div>\n<h3>EINE REISE DURCH AUTHENTISCHE GESCHM\u00c4CKER: SCHLIESSEN SIE SICH UNSEREM ABENTEUER AN<\/h3>\n<div>Unsere Produkte sind eine Einladung, die Sch\u00f6nheit der Einfachheit, die St\u00e4rke der Traditionen und die W\u00e4rme einer Gemeinschaft neu zu entdecken, die ihre K\u00fcche zu einem wahren kulturellen Erbe gemacht hat, das bewahrt und gefeiert werden muss. Wir laden Sie ein, Teil dieses wunderbaren Abenteuers zu sein, mit uns die Reise durch die Geschichte und die Geschm\u00e4cker Siziliens zu teilen.<\/div>\n<\/div>\n<p><!--more--><br \/>\n<!-- {\"type\":\"layout\",\"children\":[{\"type\":\"section\",\"props\":{\"css\":\"@media (min-width: 960px) {\\n .el-section> div  {\\n        padding-top: 350px;\\n        padding-bottom: 350px;\\n    }\\n}\",\"image\":\"wp-content\\\/uploads\\\/2024\\\/03\\\/land.jpg\",\"image_loading\":true,\"image_position\":\"center-center\",\"image_size\":\"cover\",\"image_width\":\"1840\",\"padding\":\"xlarge\",\"style\":\"default\",\"title_breakpoint\":\"xl\",\"title_position\":\"top-left\",\"title_rotation\":\"left\",\"vertical_align\":\"middle\",\"width\":\"default\"},\"children\":[{\"type\":\"row\",\"children\":[{\"type\":\"column\",\"props\":{\"image_position\":\"center-center\",\"position_sticky_breakpoint\":\"m\",\"width_medium\":\"1-1\"}}]}],\"name\":\"Hero\"},{\"type\":\"section\",\"props\":{\"image_position\":\"center-center\",\"padding\":\"large\",\"style\":\"default\",\"title_breakpoint\":\"xl\",\"title_position\":\"top-left\",\"title_rotation\":\"left\",\"vertical_align\":\"middle\",\"width\":\"default\"},\"children\":[{\"type\":\"row\",\"props\":{\"column_gap\":\"large\",\"divider\":false,\"layout\":\"2-3,1-3\",\"row_gap\":\"large\"},\"children\":[{\"type\":\"column\",\"props\":{\"image_position\":\"center-center\",\"position_sticky_breakpoint\":\"m\",\"width_medium\":\"2-3\"},\"children\":[{\"type\":\"headline\",\"props\":{\"content\":\"\",\"margin\":\"small\",\"text_align\":\"left\",\"text_align_breakpoint\":\"m\",\"text_align_fallback\":\"center\",\"title_color\":\"muted\",\"title_element\":\"h1\",\"title_style\":\"h6\"}},{\"type\":\"headline\",\"props\":{\"block_align_breakpoint\":\"m\",\"block_align_fallback\":\"center\",\"content\":\"<strong>UNSERE WELT: LEIDENSCHAFT, TRADITION, AUTHENTIZIT\\u00c4T<\\\/strong>\",\"margin\":\"medium\",\"margin_remove_top\":true,\"maxwidth\":\"xlarge\",\"text_align\":\"left\",\"text_align_breakpoint\":\"m\",\"text_align_fallback\":\"center\",\"title_element\":\"h2\"}},{\"type\":\"text\",\"props\":{\"block_align_breakpoint\":\"m\",\"block_align_fallback\":\"center\",\"column_breakpoint\":\"m\",\"content\":\"Willkommen im pulsierenden Herzen der kulinarischen Tradition, wo Geschmack auf Geschichte in jedem Glas, jeder Scheibe und jedem Bissen trifft. \\u201eConserve del Conte\\u201c ist mehr als nur ein Name, es ist ein Versprechen von Qualit\\u00e4t, Authentizit\\u00e4t und Leidenschaft f\\u00fcr die Produkte, die der Stolz unseres Landes sind. Geboren aus der Liebe zu unserer Kultur und geleitet vom Willen, traditionelle Konservierungsmethoden zu bewahren, bieten wir eine Palette von Produkten an, die das Wesen unseres Territoriums und seiner reichen kulinarischen Traditionen sind.\",\"margin\":\"xlarge\",\"margin_remove_top\":true,\"maxwidth\":\"2xlarge\",\"maxwidth_breakpoint\":\"m\",\"text_align\":\"left\"}},{\"type\":\"image\",\"props\":{\"image\":\"wp-content\\\/uploads\\\/2024\\\/03\\\/DSC5042.jpg\",\"image_svg_color\":\"emphasis\",\"image_width\":\"760\",\"margin\":\"default\",\"visibility\":\"m\"}},{\"type\":\"grid\",\"props\":{\"content_column_breakpoint\":\"m\",\"filter_align\":\"left\",\"filter_all\":true,\"filter_grid_breakpoint\":\"m\",\"filter_grid_width\":\"auto\",\"filter_position\":\"top\",\"filter_style\":\"tab\",\"grid_column_gap\":\"small\",\"grid_default\":\"1\",\"grid_medium\":\"\",\"grid_row_gap\":\"small\",\"grid_small\":\"2\",\"icon_width\":80,\"image_align\":\"top\",\"image_grid_breakpoint\":\"m\",\"image_grid_width\":\"1-2\",\"image_height\":\"795\",\"image_loading\":true,\"image_svg_color\":\"emphasis\",\"image_width\":\"610\",\"item_animation\":true,\"link_style\":\"default\",\"link_text\":\"Read more\",\"margin\":\"default\",\"meta_align\":\"below-title\",\"meta_element\":\"div\",\"meta_style\":\"text-meta\",\"parallax_easing\":\"1\",\"show_content\":true,\"show_image\":true,\"show_link\":true,\"show_meta\":true,\"show_title\":false,\"title_align\":\"top\",\"title_element\":\"h3\",\"title_grid_breakpoint\":\"m\",\"title_grid_width\":\"1-2\",\"title_hover_style\":\"reset\",\"visibility\":\"hidden-m\"},\"children\":[{\"type\":\"grid_item\",\"props\":{\"image\":\"wp-content\\\/uploads\\\/2024\\\/03\\\/DSC4906.jpg\",\"title\":\"\"}},{\"type\":\"grid_item\",\"props\":{\"image\":\"wp-content\\\/uploads\\\/2024\\\/03\\\/DSC5042.jpg\",\"title\":\"\"}}]}]},{\"type\":\"column\",\"props\":{\"image_position\":\"center-center\",\"position_sticky_breakpoint\":\"m\",\"width_medium\":\"1-3\"},\"children\":[{\"type\":\"image\",\"props\":{\"image\":\"wp-content\\\/uploads\\\/2024\\\/03\\\/DSC4906.jpg\",\"image_loading\":true,\"image_svg_color\":\"emphasis\",\"image_width\":\"610\",\"margin\":\"xlarge\",\"margin_remove_top\":false,\"visibility\":\"m\"}},{\"type\":\"headline\",\"props\":{\"content\":\"<strong>HANDWERKSKUNST UND TRADITION: DIE SEELE UNSERER KONSERVEN<\\\/strong>\",\"margin_remove_bottom\":false,\"text_align\":\"left\",\"text_align_breakpoint\":\"m\",\"text_align_fallback\":\"center\",\"title_element\":\"h2\",\"title_style\":\"h4\"}},{\"type\":\"text\",\"props\":{\"column_breakpoint\":\"m\",\"content\":\"Wir glauben fest an den Wert der Handwerkskunst und die Bewahrung traditioneller Techniken. Jedes Produkt, das unser Labor verl\\u00e4sst, ist das Ergebnis sorgf\\u00e4ltiger Handarbeit, tiefgehender Kenntnisse der Rohstoffe und eines st\\u00e4ndigen Engagements, die authentischen Geschm\\u00e4cker unserer Erde lebendig zu halten. Unsere Mission ist es, nicht nur Nahrung auf Ihren Tisch zu bringen, sondern auch Geschichten, Traditionen und ein St\\u00fcck Sizilien, das Sie stets an den Reichtum und die Gro\\u00dfz\\u00fcgigkeit dieser Erde erinnert.\",\"margin\":\"default\"}}]}]}],\"name\":\"About\"},{\"type\":\"section\",\"props\":{\"image_position\":\"center-center\",\"padding\":\"large\",\"padding_remove_top\":true,\"style\":\"default\",\"text_color\":\"light\",\"title_breakpoint\":\"xl\",\"title_position\":\"top-left\",\"title_rotation\":\"left\",\"vertical_align\":\"middle\",\"width\":\"\"},\"children\":[{\"type\":\"row\",\"props\":{\"margin\":\"xlarge\"},\"children\":[{\"type\":\"column\",\"props\":{\"image\":\"wp-content\\\/uploads\\\/2024\\\/03\\\/DSC0647.jpg\",\"image_position\":\"center-center\",\"image_size\":\"cover\",\"image_width\":\"1840\",\"padding\":\"xlarge\",\"position_sticky_breakpoint\":\"m\",\"text_color\":\"light\",\"width_medium\":\"1-1\"},\"children\":[{\"name\":\"Panel Style None\",\"type\":\"panel\",\"props\":{\"block_align\":\"center\",\"content\":\"Unsere Produkte sind eine Einladung, die Sch\\u00f6nheit der Einfachheit, die St\\u00e4rke der Traditionen und die W\\u00e4rme einer Gemeinschaft neu zu entdecken, die ihre K\\u00fcche zu einem wahren kulturellen Erbe gemacht hat, das bewahrt und gefeiert werden muss. Wir laden Sie ein, Teil dieses wunderbaren Abenteuers zu sein, mit uns die Reise durch die Geschichte und die Geschm\\u00e4cker Siziliens zu teilen.\",\"content_column_breakpoint\":\"m\",\"content_margin\":\"small\",\"icon_width\":80,\"image\":\"\",\"image_align\":\"top\",\"image_grid_breakpoint\":\"m\",\"image_grid_width\":\"1-2\",\"image_height\":\"50\",\"image_svg_color\":\"primary\",\"image_svg_inline\":true,\"image_width\":\"50\",\"link_style\":\"default\",\"link_text\":\"Read more\",\"margin\":\"default\",\"maxwidth\":\"xlarge\",\"meta\":\"\",\"meta_align\":\"above-title\",\"meta_element\":\"div\",\"meta_style\":\"text-meta\",\"panel_card_image\":false,\"panel_padding\":\"default\",\"panel_style\":\"card-default\",\"text_align\":\"center\",\"title\":\"EINE REISE DURCH AUTHENTISCHE GESCHM\\u00c4CKER: SCHLIESSEN SIE SICH UNSEREM ABENTEUER AN\",\"title_align\":\"top\",\"title_element\":\"h3\",\"title_grid_breakpoint\":\"m\",\"title_grid_width\":\"1-2\",\"title_hover_style\":\"reset\"}}]}]}],\"name\":\"Workshop\"}],\"version\":\"4.3.5\"} --><\/p>\n","protected":false},"excerpt":{"rendered":"<p>UNSERE WELT: LEIDENSCHAFT, TRADITION, AUTHENTIZIT\u00c4T Willkommen im pulsierenden Herzen der kulinarischen Tradition, wo Geschmack auf Geschichte in jedem Glas, jeder Scheibe und jedem Bissen trifft. \u201eConserve del Conte\u201c ist mehr als nur ein Name, es ist ein Versprechen von Qualit\u00e4t, Authentizit\u00e4t und Leidenschaft f\u00fcr die Produkte, die der Stolz unseres Landes sind. Geboren aus der [&hellip;]<\/p>\n","protected":false},"author":75,"featured_media":0,"parent":0,"menu_order":0,"comment_status":"closed","ping_status":"closed","template":"","meta":{"_acf_changed":false,"footnotes":""},"class_list":["post-6791","page","type-page","status-publish","hentry"],"acf":[],"_links":{"self":[{"href":"https:\/\/conservedelconte.com\/de\/wp-json\/wp\/v2\/pages\/6791","targetHints":{"allow":["GET"]}}],"collection":[{"href":"https:\/\/conservedelconte.com\/de\/wp-json\/wp\/v2\/pages"}],"about":[{"href":"https:\/\/conservedelconte.com\/de\/wp-json\/wp\/v2\/types\/page"}],"author":[{"embeddable":true,"href":"https:\/\/conservedelconte.com\/de\/wp-json\/wp\/v2\/users\/75"}],"replies":[{"embeddable":true,"href":"https:\/\/conservedelconte.com\/de\/wp-json\/wp\/v2\/comments?post=6791"}],"version-history":[{"count":1,"href":"https:\/\/conservedelconte.com\/de\/wp-json\/wp\/v2\/pages\/6791\/revisions"}],"predecessor-version":[{"id":6881,"href":"https:\/\/conservedelconte.com\/de\/wp-json\/wp\/v2\/pages\/6791\/revisions\/6881"}],"wp:attachment":[{"href":"https:\/\/conservedelconte.com\/de\/wp-json\/wp\/v2\/media?parent=6791"}],"curies":[{"name":"wp","href":"https:\/\/api.w.org\/{rel}","templated":true}]}}